{"id":121,"date":"2020-10-05T11:23:08","date_gmt":"2020-10-05T11:23:08","guid":{"rendered":"http:\/\/www.majlunddressage.dk\/?page_id=121"},"modified":"2021-01-14T06:16:06","modified_gmt":"2021-01-14T06:16:06","slug":"salgsheste","status":"publish","type":"page","link":"http:\/\/www.majlunddressage.dk\/?page_id=121","title":{"rendered":"Salgsheste"},"content":{"rendered":"\n\n  <div class=\"banner has-hover\" id=\"banner-695874363\">\n          <div class=\"banner-inner fill\">\n        <div class=\"banner-bg fill\" >\n            <div class=\"bg fill bg-fill \"><\/div>\n                        <div class=\"overlay\"><\/div>            \n                    <\/div><!-- bg-layers -->\n        <div class=\"banner-layers container\">\n            <div class=\"fill banner-link\"><\/div>            \n\n   <div id=\"text-box-866417669\" class=\"text-box banner-layer x50 md-x50 lg-x50 y50 md-y50 lg-y50 res-text\">\n                                <div class=\"text dark\">\n              \n              <div class=\"text-inner text-center\">\n                  \n\n<h2>Majlund Dressage<\/h2>\n<p><span style=\"font-size: 170%;\">Salgsheste<\/span><\/p>\n\n              <\/div>\n           <\/div><!-- text-box-inner -->\n                            \n<style scope=\"scope\">\n\n#text-box-866417669 {\n  width: 60%;\n}\n#text-box-866417669 .text {\n  font-size: 100%;\n}\n\n\n@media (min-width:550px) {\n\n  #text-box-866417669 {\n    width: 60%;\n  }\n\n}\n<\/style>\n    <\/div><!-- text-box -->\n \n\n        <\/div><!-- .banner-layers -->\n      <\/div><!-- .banner-inner -->\n\n            \n<style scope=\"scope\">\n\n#banner-695874363 {\n  padding-top: 350px;\n}\n#banner-695874363 .bg.bg-loaded {\n  background-image: url(http:\/\/www.majlunddressage.dk\/wp-content\/uploads\/2020\/10\/2020_HEST-3851-1024x683.jpg);\n}\n#banner-695874363 .overlay {\n  background-color: rgba(0,0,0,.5);\n}\n#banner-695874363 .bg {\n  background-position: 77% 24%;\n}\n<\/style>\n  <\/div><!-- .banner -->\n\n\n\t<section class=\"section\" id=\"section_1857686793\">\n\t\t<div class=\"bg section-bg fill bg-fill  bg-loaded\" >\n\n\t\t\t\n\t\t\t\n\t\t\t\n\n\t\t<\/div><!-- .section-bg -->\n\n\t\t<div class=\"section-content relative\">\n\t\t\t\n\n<div class=\"row align-center\"  id=\"row-1718045252\">\n\n<div class=\"col medium-2 small-10 large-2\"  ><div class=\"col-inner\"  >\n\n<a href=\"http:\/\/www.majlunddressage.dk\/?page_id=124\" target=\"_self\" class=\"button primary is-link\"  >\n    <span>Kontakt<\/span>\n  <i class=\"icon-angle-right\" ><\/i><\/a>\n\n\n\n<\/div><\/div>\n<div class=\"col medium-10 small-10 large-10\"  ><div class=\"col-inner\"  >\n\n<p class=\"uppercase\">SALGSHESTE<\/p>\n<p>P\u00e5 Majlund Dressage fremviser vi gerne salgsheste frem for vores kunder.<br \/>Ring gerne og aftal en tid. Hvis det ikke er muligt for dig i hverdagene, kan der evt. aftales en tid i weekenden.<\/p>\n<p>N\u00e5r vi fremviser heste p\u00e5 Majlund Dressage, er det altid med hesten som f\u00f8rste prioritet, hvilket betyder, at der kan opst\u00e5 ventetid til fremvisning, hvis vi ikke mener, at det er ideelt at fremvise hesten p\u00e5 den \u00f8nskede dag, evt. grundet flere kunder til selvsamme hest eller lignende. Vi tager forbehold for, hvad vi t\u00e6nker der er fair over for den enkelte hest.<\/p>\n<p>Du er altid velkommen til at ringe.<\/p>\n<p>Ikke alle salgshestene kommer lige hurtigt p\u00e5 nettet, s\u00e5 ring ogs\u00e5 gerne selvom du ikke ser den hest du s\u00f8ger.<\/p>\n\n<\/div><\/div>\n\n\n<style scope=\"scope\">\n\n<\/style>\n<\/div>\n\n\t\t<\/div><!-- .section-content -->\n\n\t\t\n<style scope=\"scope\">\n\n#section_1857686793 {\n  padding-top: 30px;\n  padding-bottom: 30px;\n}\n<\/style>\n\t<\/section>\n\t\n\n","protected":false},"excerpt":{"rendered":"","protected":false},"author":1,"featured_media":0,"parent":0,"menu_order":0,"comment_status":"closed","ping_status":"closed","template":"","meta":[],"yoast_head":"<!-- This site is optimized with the Yoast SEO plugin v15.6.2 - https:\/\/yoast.com\/wordpress\/plugins\/seo\/ -->\n<title>Salgsheste - Majlund Dressage<\/title>\n<meta name=\"robots\" content=\"index, follow, max-snippet:-1, max-image-preview:large, max-video-preview:-1\" \/>\n<link rel=\"canonical\" href=\"http:\/\/www.majlunddressage.dk\/?page_id=121\" \/>\n<meta property=\"og:locale\" content=\"da_DK\" \/>\n<meta property=\"og:type\" content=\"article\" \/>\n<meta property=\"og:title\" content=\"Salgsheste - Majlund Dressage\" \/>\n<meta property=\"og:url\" content=\"http:\/\/www.majlunddressage.dk\/?page_id=121\" \/>\n<meta property=\"og:site_name\" content=\"Majlund Dressage\" \/>\n<meta property=\"article:modified_time\" content=\"2021-01-14T06:16:06+00:00\" \/>\n<meta name=\"twitter:card\" content=\"summary_large_image\" \/>\n<meta name=\"twitter:label1\" content=\"Est. reading time\">\n\t<meta name=\"twitter:data1\" content=\"1 minut\">\n<script type=\"application\/ld+json\" class=\"yoast-schema-graph\">{\"@context\":\"https:\/\/schema.org\",\"@graph\":[{\"@type\":\"WebSite\",\"@id\":\"https:\/\/www.majlunddressage.dk\/#website\",\"url\":\"https:\/\/www.majlunddressage.dk\/\",\"name\":\"Majlund Dressage\",\"description\":\"Lundg&aring;rdsvej 55, 6760 Ribe\",\"potentialAction\":[{\"@type\":\"SearchAction\",\"target\":\"https:\/\/www.majlunddressage.dk\/?s={search_term_string}\",\"query-input\":\"required name=search_term_string\"}],\"inLanguage\":\"da-DK\"},{\"@type\":\"WebPage\",\"@id\":\"http:\/\/www.majlunddressage.dk\/?page_id=121#webpage\",\"url\":\"http:\/\/www.majlunddressage.dk\/?page_id=121\",\"name\":\"Salgsheste - Majlund Dressage\",\"isPartOf\":{\"@id\":\"https:\/\/www.majlunddressage.dk\/#website\"},\"datePublished\":\"2020-10-05T11:23:08+00:00\",\"dateModified\":\"2021-01-14T06:16:06+00:00\",\"inLanguage\":\"da-DK\",\"potentialAction\":[{\"@type\":\"ReadAction\",\"target\":[\"http:\/\/www.majlunddressage.dk\/?page_id=121\"]}]}]}<\/script>\n<!-- \/ Yoast SEO plugin. -->","_links":{"self":[{"href":"http:\/\/www.majlunddressage.dk\/index.php?rest_route=\/wp\/v2\/pages\/121"}],"collection":[{"href":"http:\/\/www.majlunddressage.dk\/index.php?rest_route=\/wp\/v2\/pages"}],"about":[{"href":"http:\/\/www.majlunddressage.dk\/index.php?rest_route=\/wp\/v2\/types\/page"}],"author":[{"embeddable":true,"href":"http:\/\/www.majlunddressage.dk\/index.php?rest_route=\/wp\/v2\/users\/1"}],"replies":[{"embeddable":true,"href":"http:\/\/www.majlunddressage.dk\/index.php?rest_route=%2Fwp%2Fv2%2Fcomments&post=121"}],"version-history":[{"count":10,"href":"http:\/\/www.majlunddressage.dk\/index.php?rest_route=\/wp\/v2\/pages\/121\/revisions"}],"predecessor-version":[{"id":607,"href":"http:\/\/www.majlunddressage.dk\/index.php?rest_route=\/wp\/v2\/pages\/121\/revisions\/607"}],"wp:attachment":[{"href":"http:\/\/www.majlunddressage.dk\/index.php?rest_route=%2Fwp%2Fv2%2Fmedia&parent=121"}],"curies":[{"name":"wp","href":"https:\/\/api.w.org\/{rel}","templated":true}]}}