{"id":125,"date":"2020-10-05T11:23:08","date_gmt":"2020-10-05T11:23:08","guid":{"rendered":"http:\/\/www.majlunddressage.dk\/?page_id=125"},"modified":"2024-09-04T16:50:50","modified_gmt":"2024-09-04T16:50:50","slug":"ridefysioterapi","status":"publish","type":"page","link":"http:\/\/www.majlunddressage.dk\/?page_id=125","title":{"rendered":"Ridefysioterapi"},"content":{"rendered":"\n<div class=\"row\"  id=\"row-496075407\">\n\n<div class=\"col medium-8 small-12 large-8\"  ><div class=\"col-inner\"  >\n\n<p><strong>Hvad er ridefysioterapi:<br \/><\/strong><span style=\"font-size: 95%;\">Ridefysioterapi er en form for fysioterapi, hvor heste indg\u00e5r som behandlingsredskab.<\/span><\/p>\n<p><span style=\"font-size: 95%;\">Ridefysioterapi anvender de tredimensionelle bev\u00e6gelser fra hesten under skridtgang som det prim\u00e6re element i behandlingen. Ved hj\u00e6lp af hestens bev\u00e6gem\u00f8nstre tr\u00e6nes patientens egne bev\u00e6gem\u00f8nstre, posturale kontrol, balance og muskelstyrke.<\/span><\/p>\n<p><span style=\"font-size: 95%;\">Effekten af ridefysioterapi ses s\u00e6rligt p\u00e5 nedsat balance, nedsat gangfunktion, koordination, spasticitet, ligev\u00e6gtsfornemmelse og kropsholdning. Ridefysioterapi kan desuden anvendes til sanse- og psykomotorisk tr\u00e6ning, samt til kontrakturforebyggelse og -behandling.<\/span><\/p>\n<p><span style=\"font-size: 95%;\">Ridefysioterapi udf\u00f8res efter l\u00e6gehenvisning og foreg\u00e5r som holdtr\u00e6ning p\u00e5 rideskoler og rideklubber, der er godkendte af regionen\/kommunerne.<\/span><\/p>\n\n<\/div><\/div>\n<div class=\"col medium-4 small-12 large-4\"  ><div class=\"col-inner\"  >\n\n<div class=\"slider-wrapper relative\" id=\"slider-151143426\" >\n    <div class=\"slider slider-nav-circle slider-nav-large slider-nav-light slider-style-normal\"\n        data-flickity-options='{\n            \"cellAlign\": \"center\",\n            \"imagesLoaded\": true,\n            \"lazyLoad\": 1,\n            \"freeScroll\": false,\n            \"wrapAround\": true,\n            \"autoPlay\": 5000,\n            \"pauseAutoPlayOnHover\" : true,\n            \"prevNextButtons\": true,\n            \"contain\" : true,\n            \"adaptiveHeight\" : true,\n            \"dragThreshold\" : 10,\n            \"percentPosition\": true,\n            \"pageDots\": true,\n            \"rightToLeft\": false,\n            \"draggable\": true,\n            \"selectedAttraction\": 0.1,\n            \"parallax\" : 0,\n            \"friction\": 0.6        }'\n        >\n        \n\n\t<div class=\"img has-hover x md-x lg-x y md-y lg-y\" id=\"image_526061612\">\n\t\t\t\t\t\t\t\t<div class=\"img-inner dark\" >\n\t\t\t<img width=\"630\" height=\"424\" src=\"http:\/\/www.majlunddressage.dk\/wp-content\/uploads\/2021\/01\/Fys1.png\" class=\"attachment-large size-large\" alt=\"\" loading=\"lazy\" srcset=\"http:\/\/www.majlunddressage.dk\/wp-content\/uploads\/2021\/01\/Fys1.png 630w, http:\/\/www.majlunddressage.dk\/wp-content\/uploads\/2021\/01\/Fys1-300x202.png 300w\" sizes=\"(max-width: 630px) 100vw, 630px\" \/>\t\t\t\t\t\t\n\t\t\t\t\t<\/div>\n\t\t\t\t\t\t\t\t\n<style scope=\"scope\">\n\n#image_526061612 {\n  width: 100%;\n}\n<\/style>\n\t<\/div>\n\t\n\n\t<div class=\"img has-hover x md-x lg-x y md-y lg-y\" id=\"image_903238210\">\n\t\t\t\t\t\t\t\t<div class=\"img-inner dark\" >\n\t\t\t<img width=\"1020\" height=\"726\" src=\"http:\/\/www.majlunddressage.dk\/wp-content\/uploads\/2021\/01\/Fysio10-1024x729.jpg\" class=\"attachment-large size-large\" alt=\"\" loading=\"lazy\" srcset=\"http:\/\/www.majlunddressage.dk\/wp-content\/uploads\/2021\/01\/Fysio10-1024x729.jpg 1024w, http:\/\/www.majlunddressage.dk\/wp-content\/uploads\/2021\/01\/Fysio10-300x214.jpg 300w, http:\/\/www.majlunddressage.dk\/wp-content\/uploads\/2021\/01\/Fysio10-768x547.jpg 768w, http:\/\/www.majlunddressage.dk\/wp-content\/uploads\/2021\/01\/Fysio10.jpg 1115w\" sizes=\"(max-width: 1020px) 100vw, 1020px\" \/>\t\t\t\t\t\t\n\t\t\t\t\t<\/div>\n\t\t\t\t\t\t\t\t\n<style scope=\"scope\">\n\n#image_903238210 {\n  width: 100%;\n}\n<\/style>\n\t<\/div>\n\t\n\n\t<div class=\"img has-hover x md-x lg-x y md-y lg-y\" id=\"image_1843426516\">\n\t\t\t\t\t\t\t\t<div class=\"img-inner image-cover dark\" style=\"padding-top:70%;\">\n\t\t\t<img width=\"1020\" height=\"762\" src=\"http:\/\/www.majlunddressage.dk\/wp-content\/uploads\/2021\/01\/Paa-tur-1024x765.jpg\" class=\"attachment-large size-large\" alt=\"\" loading=\"lazy\" srcset=\"http:\/\/www.majlunddressage.dk\/wp-content\/uploads\/2021\/01\/Paa-tur-1024x765.jpg 1024w, http:\/\/www.majlunddressage.dk\/wp-content\/uploads\/2021\/01\/Paa-tur-300x224.jpg 300w, http:\/\/www.majlunddressage.dk\/wp-content\/uploads\/2021\/01\/Paa-tur-768x573.jpg 768w, http:\/\/www.majlunddressage.dk\/wp-content\/uploads\/2021\/01\/Paa-tur.jpg 1125w\" sizes=\"(max-width: 1020px) 100vw, 1020px\" \/>\t\t\t\t\t\t\n\t\t\t\t\t<\/div>\n\t\t\t\t\t\t\t\t\n<style scope=\"scope\">\n\n#image_1843426516 {\n  width: 100%;\n}\n<\/style>\n\t<\/div>\n\t\n\n\n     <\/div>\n\n     <div class=\"loading-spin dark large centered\"><\/div>\n\n     <style scope=\"scope\">\n             <\/style>\n<\/div><!-- .ux-slider-wrapper -->\n\n\n\n<\/div><\/div>\n\n<\/div>\n<p><span style=\"color: #999999; font-family: Helvetica, sans-serif; font-size: 14.4px;\"><strong><span style=\"color: #808080;\">Hvordan foreg\u00e5r ridefysioterapien:<\/span><br \/><\/strong><span style=\"color: #808080; font-size: 100%;\">For alle patienter vil der forud for behandlingens start v\u00e6re en forunders\u00f8gelse. Herudfra planl\u00e6gges behandlingen, der udv\u00e6lges hest og de hj\u00e6lpemidler, som sikrer den enkelte patient, den bedste behandling. Behandlingen vil derefter l\u00f8bende blive evalueret og hvert \u00e5r, vil der v\u00e6re en statusunders\u00f8gelse hvor patient og ridefysioterapeut i f\u00e6llesskab, evaluerer ridefysioterapiens virkning.<br \/><\/span><\/span><\/p>\n<p><span style=\"font-family: Helvetica, sans-serif; color: #808080; font-size: 95%;\">Ridefysioterapi er en 45 minutters tr\u00e6ning, som foreg\u00e5r p\u00e5 en fast tid og dag, en gang om ugen.<\/span><\/p>\n<p><span style=\"font-family: Helvetica, sans-serif; color: #808080; font-size: 95%;\">Man rider p\u00e5 hold med 3 \u2013 5 deltagere.<\/span><\/p>\n<p><span style=\"font-family: Helvetica, sans-serif; color: #999999; font-size: 95%;\"><span style=\"color: #808080;\">De heste der bruges til ridefysioterapi, er alle rolige special-tr\u00e6nede heste, med et godt temperament. Ved hver hest er en heste-tr\u00e6kker som styrer hesten og hj\u00e6lper rytteren. Afh\u00e6ngig af patientens funktionsniveau, kan man v\u00e6lge at blive liftet til hesten og man kan evt. s\u00e6tte en rytter bag patienten, for at st\u00f8tte og tr\u00e6ne balance, v\u00e6gtfordeling og midter-linie yderligere. Patienterne tr\u00e6nes enten i ridehus, eller hvis vejret er godt, i den dejlige natur omkring ridecentret<\/span>.<\/span><\/p>\n<p><strong>Hvem kan f\u00e5 l\u00e6geordineret ridefysioterapi:<br \/><\/strong><strong><br \/>Uden egenbetaling:<br \/><\/strong><span style=\"font-size: 95%;\">Personer med sv\u00e6rt fysisk handicap, der i henhold til overenskomsten er berettiget til vederlagsfri fysioterapi.<\/span><\/p>\n<p><span style=\"font-size: 95%;\">Diagnoseliste:<\/span><\/p>\n<ol>\n<li><span style=\"font-size: 95%;\">Medf\u00f8dte eller arvelige sygdomme<\/span><\/li>\n<li><span style=\"font-size: 95%;\">Erhvervede neurologiske sygdomme<\/span><\/li>\n<li><span style=\"font-size: 95%;\">Fysisk handicap som f\u00f8lge af ulykke<\/span><\/li>\n<li><span style=\"font-size: 95%;\">Nedsat led og\/eller muskelfunktion som f\u00f8lge af inflammatoriske gigtsygdomme.<\/span><\/li>\n<\/ol>\n<p><span style=\"font-size: 95%;\">Det skal bem\u00e6rkes, at ordningen om vederlagsfri fysioterapi til personer uden sv\u00e6rt fysisk handicap med progressiv sygdom, kun omfatter progressive sygdomme indenfor hoveddiagnosegrupperne 1, 2 og 4.<\/span><\/p>\n<p><strong>Med egenbetaling:<\/strong><\/p>\n<ul>\n<li><span style=\"font-size: 95%;\">Blinde og svagtseende.<\/span><\/li>\n<li>Personer med Downs Syndrom og autisme, hvis regionen tr\u00e6ffer s\u00e6rskilt beslutning herom.<\/li>\n<\/ul>\n<p><span style=\"font-size: 95%;\"><br \/><\/span><span style=\"font-size: 95%;\">Personer som ikke opfylder alle de kriterier, der er en foruds\u00e6tning for tilbuddet om vederlagsfri fysioterapi, men som har en af f\u00f8lgende diagnoser, er efter regionens s\u00e6rskilte beslutning berettiget til ridefysioterapi:<\/span><\/p>\n<ul>\n<li style=\"list-style-type: none;\">\n<ul>\n<li><span style=\"font-size: 95%;\">Reumatoid artritis<\/span><\/li>\n<li><span style=\"font-size: 95%;\">Muskelsvind<\/span><\/li>\n<li><span style=\"font-size: 95%;\">Cystisk Fibrose<\/span><\/li>\n<li><span style=\"font-size: 95%;\">Handicap efter polio<\/span><\/li>\n<li><span style=\"font-size: 95%;\">Amputationer og ulykkestilf\u00e6lde<\/span><\/li>\n<li><span style=\"font-size: 95%;\">Fysisk handicap som f\u00f8lge af medf\u00f8dte eller arvelige sygdomme<\/span><\/li>\n<\/ul>\n<\/li>\n<\/ul>\n<p>\u00a0<\/p>\n<p><strong>Hvordan kommer jeg i gang med ridefysioterapi?<\/strong><\/p>\n<ol>\n<li><span style=\"font-size: 95%;\">F\u00e5 en henvisning fra praktiserende l\u00e6ge, eller den sygehusafdeling som f\u00f8lger dig. Henvisningen g\u00e6lder i et \u00e5r.<\/span><\/li>\n<li><span style=\"font-size: 95%;\">Kontakt Felicitas og sp\u00f8rg om der er ledige pladser til vederlagsfri ridefysioterapi i Ribe. Hvis der indtales besked, da husk at oplyse dit tlf., s\u00e5 vi kan kontakte dig\/din hj\u00e6lper, og h\u00f8re mere om din situation, samt aftale opstartsdato og forl\u00f8b. Jeg skal derefter bruge dit fulde navn og cpr.nr., for at kunne hente henvisningen, eller skrive dig p\u00e5 venteliste.<\/span><\/li>\n<\/ol>\n<p>\u00a0<\/p>\n<p><strong>Ridefysioterapeut:<br \/><br \/><\/strong>Felicitas Brodda &#8211; tlf: 53 68 62 14<\/p>\n<p><strong>Rideinstrukt\u00f8r:<\/strong><\/p>\n<p>Annika Pag\u00e5rd &#8211; tlf: 40 27 52 61<\/p>\n\n","protected":false},"excerpt":{"rendered":"<p>Hvordan foreg\u00e5r ridefysioterapien:For alle patienter vil der forud for behandlingens start v\u00e6re en forunders\u00f8gelse. Herudfra planl\u00e6gges behandlingen, der udv\u00e6lges hest og de hj\u00e6lpemidler, som sikrer den enkelte patient, den bedste behandling. Behandlingen vil derefter l\u00f8bende blive evalueret og hvert \u00e5r, vil der v\u00e6re en statusunders\u00f8gelse hvor patient og ridefysioterapeut i f\u00e6llesskab, evaluerer ridefysioterapiens virkning. Ridefysioterapi [&#8230;]\n","protected":false},"author":1,"featured_media":0,"parent":0,"menu_order":0,"comment_status":"closed","ping_status":"closed","template":"","meta":[],"yoast_head":"<!-- This site is optimized with the Yoast SEO plugin v15.6.2 - https:\/\/yoast.com\/wordpress\/plugins\/seo\/ -->\n<title>Ridefysioterapi - Majlund Dressage<\/title>\n<meta name=\"robots\" content=\"index, follow, max-snippet:-1, max-image-preview:large, max-video-preview:-1\" \/>\n<link rel=\"canonical\" href=\"http:\/\/www.majlunddressage.dk\/?page_id=125\" \/>\n<meta property=\"og:locale\" content=\"da_DK\" \/>\n<meta property=\"og:type\" content=\"article\" \/>\n<meta property=\"og:title\" content=\"Ridefysioterapi - Majlund Dressage\" \/>\n<meta property=\"og:description\" content=\"Hvordan foreg\u00e5r ridefysioterapien:For alle patienter vil der forud for behandlingens start v\u00e6re en forunders\u00f8gelse. Herudfra planl\u00e6gges behandlingen, der udv\u00e6lges hest og de hj\u00e6lpemidler, som sikrer den enkelte patient, den bedste behandling. Behandlingen vil derefter l\u00f8bende blive evalueret og hvert \u00e5r, vil der v\u00e6re en statusunders\u00f8gelse hvor patient og ridefysioterapeut i f\u00e6llesskab, evaluerer ridefysioterapiens virkning. Ridefysioterapi [...]\" \/>\n<meta property=\"og:url\" content=\"http:\/\/www.majlunddressage.dk\/?page_id=125\" \/>\n<meta property=\"og:site_name\" content=\"Majlund Dressage\" \/>\n<meta property=\"article:modified_time\" content=\"2024-09-04T16:50:50+00:00\" \/>\n<meta name=\"twitter:card\" content=\"summary_large_image\" \/>\n<meta name=\"twitter:label1\" content=\"Est. reading time\">\n\t<meta name=\"twitter:data1\" content=\"3 minutter\">\n<script type=\"application\/ld+json\" class=\"yoast-schema-graph\">{\"@context\":\"https:\/\/schema.org\",\"@graph\":[{\"@type\":\"WebSite\",\"@id\":\"https:\/\/www.majlunddressage.dk\/#website\",\"url\":\"https:\/\/www.majlunddressage.dk\/\",\"name\":\"Majlund Dressage\",\"description\":\"Lundg&aring;rdsvej 55, 6760 Ribe\",\"potentialAction\":[{\"@type\":\"SearchAction\",\"target\":\"https:\/\/www.majlunddressage.dk\/?s={search_term_string}\",\"query-input\":\"required name=search_term_string\"}],\"inLanguage\":\"da-DK\"},{\"@type\":\"WebPage\",\"@id\":\"http:\/\/www.majlunddressage.dk\/?page_id=125#webpage\",\"url\":\"http:\/\/www.majlunddressage.dk\/?page_id=125\",\"name\":\"Ridefysioterapi - Majlund Dressage\",\"isPartOf\":{\"@id\":\"https:\/\/www.majlunddressage.dk\/#website\"},\"datePublished\":\"2020-10-05T11:23:08+00:00\",\"dateModified\":\"2024-09-04T16:50:50+00:00\",\"inLanguage\":\"da-DK\",\"potentialAction\":[{\"@type\":\"ReadAction\",\"target\":[\"http:\/\/www.majlunddressage.dk\/?page_id=125\"]}]}]}<\/script>\n<!-- \/ Yoast SEO plugin. -->","_links":{"self":[{"href":"http:\/\/www.majlunddressage.dk\/index.php?rest_route=\/wp\/v2\/pages\/125"}],"collection":[{"href":"http:\/\/www.majlunddressage.dk\/index.php?rest_route=\/wp\/v2\/pages"}],"about":[{"href":"http:\/\/www.majlunddressage.dk\/index.php?rest_route=\/wp\/v2\/types\/page"}],"author":[{"embeddable":true,"href":"http:\/\/www.majlunddressage.dk\/index.php?rest_route=\/wp\/v2\/users\/1"}],"replies":[{"embeddable":true,"href":"http:\/\/www.majlunddressage.dk\/index.php?rest_route=%2Fwp%2Fv2%2Fcomments&post=125"}],"version-history":[{"count":12,"href":"http:\/\/www.majlunddressage.dk\/index.php?rest_route=\/wp\/v2\/pages\/125\/revisions"}],"predecessor-version":[{"id":899,"href":"http:\/\/www.majlunddressage.dk\/index.php?rest_route=\/wp\/v2\/pages\/125\/revisions\/899"}],"wp:attachment":[{"href":"http:\/\/www.majlunddressage.dk\/index.php?rest_route=%2Fwp%2Fv2%2Fmedia&parent=125"}],"curies":[{"name":"wp","href":"https:\/\/api.w.org\/{rel}","templated":true}]}}