{"id":181,"date":"2020-10-05T13:11:59","date_gmt":"2020-10-05T13:11:59","guid":{"rendered":"http:\/\/www.majlunddressage.dk\/?page_id=181"},"modified":"2024-08-01T16:24:16","modified_gmt":"2024-08-01T16:24:16","slug":"ridning-af-hest-pony","status":"publish","type":"page","link":"http:\/\/www.majlunddressage.dk\/?page_id=181","title":{"rendered":"Ridning af hest \/ pony"},"content":{"rendered":"\n<div class=\"slider-wrapper relative\" id=\"slider-344594008\" style=\"background-color:#446084;margin-bottom:42px;\">\n    <div class=\"slider slider-nav-circle slider-nav-normal slider-nav-light slider-style-focus\"\n        data-flickity-options='{\n            \"cellAlign\": \"center\",\n            \"imagesLoaded\": true,\n            \"lazyLoad\": 1,\n            \"freeScroll\": false,\n            \"wrapAround\": true,\n            \"autoPlay\": 6000,\n            \"pauseAutoPlayOnHover\" : true,\n            \"prevNextButtons\": true,\n            \"contain\" : true,\n            \"adaptiveHeight\" : true,\n            \"dragThreshold\" : 10,\n            \"percentPosition\": true,\n            \"pageDots\": true,\n            \"rightToLeft\": false,\n            \"draggable\": true,\n            \"selectedAttraction\": 0.1,\n            \"parallax\" : 0,\n            \"friction\": 0.6        }'\n        >\n        \n\n\t<div class=\"img has-hover x md-x lg-x y md-y lg-y\" id=\"image_501412831\">\n\t\t\t\t\t\t\t\t<div class=\"img-inner image-cover dark\" style=\"padding-top:63%;\">\n\t\t\t<img width=\"1020\" height=\"745\" src=\"http:\/\/www.majlunddressage.dk\/wp-content\/uploads\/2021\/01\/38-1024x748.jpg\" class=\"attachment-large size-large\" alt=\"\" loading=\"lazy\" srcset=\"http:\/\/www.majlunddressage.dk\/wp-content\/uploads\/2021\/01\/38-1024x748.jpg 1024w, http:\/\/www.majlunddressage.dk\/wp-content\/uploads\/2021\/01\/38-300x219.jpg 300w, http:\/\/www.majlunddressage.dk\/wp-content\/uploads\/2021\/01\/38-768x561.jpg 768w, http:\/\/www.majlunddressage.dk\/wp-content\/uploads\/2021\/01\/38.jpg 1125w\" sizes=\"(max-width: 1020px) 100vw, 1020px\" \/>\t\t\t\t\t\t\n\t\t\t\t\t<\/div>\n\t\t\t\t\t\t\t\t\n<style scope=\"scope\">\n\n#image_501412831 {\n  width: 100%;\n}\n<\/style>\n\t<\/div>\n\t\n\n\t<div class=\"img has-hover x md-x lg-x y md-y lg-y\" id=\"image_594402601\">\n\t\t\t\t\t\t\t\t<div class=\"img-inner image-cover dark\" style=\"padding-top:56.25%;\">\n\t\t\t<img width=\"1020\" height=\"867\" src=\"http:\/\/www.majlunddressage.dk\/wp-content\/uploads\/2021\/01\/34-1024x870.jpg\" class=\"attachment-large size-large\" alt=\"\" loading=\"lazy\" srcset=\"http:\/\/www.majlunddressage.dk\/wp-content\/uploads\/2021\/01\/34-1024x870.jpg 1024w, http:\/\/www.majlunddressage.dk\/wp-content\/uploads\/2021\/01\/34-300x255.jpg 300w, http:\/\/www.majlunddressage.dk\/wp-content\/uploads\/2021\/01\/34-768x653.jpg 768w, http:\/\/www.majlunddressage.dk\/wp-content\/uploads\/2021\/01\/34.jpg 1125w\" sizes=\"(max-width: 1020px) 100vw, 1020px\" \/>\t\t\t\t\t\t\n\t\t\t\t\t<\/div>\n\t\t\t\t\t\t\t\t\n<style scope=\"scope\">\n\n#image_594402601 {\n  width: 7%;\n}\n<\/style>\n\t<\/div>\n\t\n\n\n     <\/div>\n\n     <div class=\"loading-spin dark large centered\"><\/div>\n\n     <style scope=\"scope\">\n                    #slider-344594008 .flickity-slider > *{ max-width: 738px!important;\n              <\/style>\n<\/div><!-- .ux-slider-wrapper -->\n\n\n<div class=\"row\"  id=\"row-1681027110\">\n\n<div class=\"col medium-8 small-12 large-8\"  ><div class=\"col-inner\"  >\n\n<p class=\"uppercase\"><strong>TILRIDNING, RIDNING OG MEGET ANDET TILBYDES<\/strong><\/p>\n<p>Tilridning og tr\u00e6ning tilbydes, b\u00e5de i forbindelse med videreuddannelse og salg. Ligeledes tilbydes fremvisning til sadelk\u00e5ring, championat, st\u00e6vner og lignende efter \u00f8nske og aftale.<\/p>\n<p>Inkluderet er fuldpas, afvekslende tr\u00e6ning med fokus p\u00e5 den enkelte hest. Hestens trivsel v\u00e6gtes h\u00f8jt, hvorfor der desuden tilbydes masser af foldtid med mulighed for enefold, hvis dette \u00f8nskes fra ejer.<\/p>\n<p>Varighed for tilridning, samt videreuddannelse mv. afg\u00f8res af den enkelte hest\/pony.<\/p>\n<p>Fuldpasset indeholder opstaldning (boks i stald eller udeboks med halmbund &#8211; med \u00f8nske om sp\u00e5ner eller andet skal der laves individuel aftale herom evt. mod merbetaling), kraftfoder 2-3 gange dagligt afh\u00e6ngigt af den individuelle hest, h\u00f8\/wrap af god kvalitet 3 gange dagligt, samt ind- og udlukning p\u00e5 fold dagligt og udmugning. Fuldpasset inkluderer naturligvis ogs\u00e5 tr\u00e6ning\/ridning af hesten 5 dage i ugen.<\/p>\n<p>P\u00e5 stedet findes faciliteter s\u00e5som ridehal, udend\u00f8rs ridebane, skridtmaskine, solarium, round pen mm. Ydermere tilbydes fine gr\u00e6s- og luftefolde, som opstiller de fantastiske rammer din hest tr\u00e6nes i. Der findes desuden gode grusstiger og skov med rig mulighed for gode skridtture i mild trafik.<\/p>\n<p>P\u00e5 stedet er der ligeledes tilknyttet en uddannet berider, som deltager i undervisningen af vores heste i tr\u00e6ning.<\/p>\n<p>Vi tilbyder:<\/p>\n<p>* Tilridning 4200 ,-\/mdr. + opstaldning + moms<br \/>* Ridning\/uddannelse af hest 4200 ,-\/mdr. + opstaldning + moms<br \/>* Ridning\/uddannelse af pony 4200 ,-\/mdr. + opstaldning + moms<br \/>* Hvis du \u00f8nsker at din hest\/pony holdes i gang\/tr\u00e6nes mens du er p\u00e5 ferie, p\u00e5 barsel eller andet uafh\u00e6ngigt af varighed, er der desuden mulighed for at lave en individuel aftale herom &#8211; pris aftales ved henvendelse.<br \/>*Fremvisning til championat, st\u00e6vne, k\u00e5ring eller lignende. Ejer betaler for starter, boks mv. Efter aftale.<br \/>* Salg (10% i kommission).<\/p>\n<p class=\"uppercase\"><strong>Krav til hesten inden den sendes i ridning:<\/strong><\/p>\n<p>* Skal v\u00e6re passet med vaccinationer, smed og tandeftersyn inden p\u00e5begyndelse.<br \/>* Pony: Skal som minimum v\u00e6re en stor 2&#8217;er eller 1&#8217;er pony ellers ingen forbehold.<\/p>\n<p>Ved interesse eller med \u00f8nske om flere informationer kan vi tr\u00e6ffes telefonisk p\u00e5 40 27 52 61 eller send en besked via Facebook til Majlund Dressage og vi vender tilbage hurtigst muligt.<\/p>\n\n<\/div><\/div>\n<div class=\"col medium-4 small-12 large-4\"  ><div class=\"col-inner\" style=\"background-color:rgb(204, 204, 204);\" >\n\n<p style=\"padding-left: 40px;\"><span style=\"color: #000000;\"><strong>OVERBLIK<\/strong><\/span><\/p>\n<h5 class=\"header2\" style=\"padding-left: 40px;\"><span style=\"font-size: 95%; color: #000000;\">\u2713 Tilridning<br \/><\/span><\/h5>\n<h5 class=\"header2\" style=\"padding-left: 40px;\"><span style=\"font-size: 95%; color: #000000;\">\u2713 Ridning<br \/><\/span><\/h5>\n<h5 class=\"header2\" style=\"padding-left: 40px;\"><span style=\"font-size: 95%; color: #000000;\">\u2713 Tr\u00e6ning<\/span><\/h5>\n<h5 class=\"header2\" style=\"padding-left: 40px;\"><span style=\"font-size: 95%; color: #000000;\">\u2713 Fremgvisning<br \/><\/span><\/h5>\n<h5 class=\"header2\" style=\"padding-left: 40px;\"><span style=\"font-size: 95%; color: #000000;\">\u2713 Kommission<br \/><\/span><\/h5>\n<h5 class=\"header2\" style=\"padding-left: 40px;\"><span style=\"font-size: 95%; color: #000000;\">\u2713 Salg<\/span><\/h5>\n<h5 style=\"padding-left: 40px;\">\u00a0<\/h5>\n<h5 class=\"header2\" style=\"padding-left: 40px;\"><span style=\"font-size: 95%; color: #000000;\">PRIS<br \/><\/span><span style=\"font-size: 95%; color: #000000;\">Uanset \u00f8nske er alle services inkluderet fuldpas<br \/>&#8211; Boks<br \/>&#8211; Foder 2-3 gange dgl.<br \/>&#8211; Ind- og udlukning p\u00e5 fold dgl.<br \/>&#8211; H\u00f8\/wrap 3 gange dgl.\u00a0<\/span><\/h5>\n<p style=\"padding-left: 40px;\">\u00a0<\/p>\n<p style=\"padding-left: 40px;\">Majlund Dressage<br \/>Lundg\u00e5rdsvej 55<br \/>6760 Ribe<\/p>\n\n<\/div><\/div>\n\n<\/div>\n\n","protected":false},"excerpt":{"rendered":"","protected":false},"author":1,"featured_media":0,"parent":0,"menu_order":0,"comment_status":"closed","ping_status":"closed","template":"page-blank.php","meta":[],"yoast_head":"<!-- This site is optimized with the Yoast SEO plugin v15.6.2 - https:\/\/yoast.com\/wordpress\/plugins\/seo\/ -->\n<title>Ridning af hest \/ pony - Majlund Dressage<\/title>\n<meta name=\"robots\" content=\"index, follow, max-snippet:-1, max-image-preview:large, max-video-preview:-1\" \/>\n<link rel=\"canonical\" href=\"https:\/\/www.majlunddressage.dk\/?page_id=181\" \/>\n<meta property=\"og:locale\" content=\"da_DK\" \/>\n<meta property=\"og:type\" content=\"article\" \/>\n<meta property=\"og:title\" content=\"Ridning af hest \/ pony - Majlund Dressage\" \/>\n<meta property=\"og:url\" content=\"https:\/\/www.majlunddressage.dk\/?page_id=181\" \/>\n<meta property=\"og:site_name\" content=\"Majlund Dressage\" \/>\n<meta property=\"article:modified_time\" content=\"2024-08-01T16:24:16+00:00\" \/>\n<meta name=\"twitter:card\" content=\"summary_large_image\" \/>\n<meta name=\"twitter:label1\" content=\"Est. reading time\">\n\t<meta name=\"twitter:data1\" content=\"2 minutter\">\n<script type=\"application\/ld+json\" class=\"yoast-schema-graph\">{\"@context\":\"https:\/\/schema.org\",\"@graph\":[{\"@type\":\"WebSite\",\"@id\":\"http:\/\/www.majlunddressage.dk\/#website\",\"url\":\"http:\/\/www.majlunddressage.dk\/\",\"name\":\"Majlund Dressage\",\"description\":\"Lundg&aring;rdsvej 55, 6760 Ribe\",\"potentialAction\":[{\"@type\":\"SearchAction\",\"target\":\"http:\/\/www.majlunddressage.dk\/?s={search_term_string}\",\"query-input\":\"required name=search_term_string\"}],\"inLanguage\":\"da-DK\"},{\"@type\":\"WebPage\",\"@id\":\"https:\/\/www.majlunddressage.dk\/?page_id=181#webpage\",\"url\":\"https:\/\/www.majlunddressage.dk\/?page_id=181\",\"name\":\"Ridning af hest \/ pony - Majlund Dressage\",\"isPartOf\":{\"@id\":\"http:\/\/www.majlunddressage.dk\/#website\"},\"datePublished\":\"2020-10-05T13:11:59+00:00\",\"dateModified\":\"2024-08-01T16:24:16+00:00\",\"inLanguage\":\"da-DK\",\"potentialAction\":[{\"@type\":\"ReadAction\",\"target\":[\"https:\/\/www.majlunddressage.dk\/?page_id=181\"]}]}]}<\/script>\n<!-- \/ Yoast SEO plugin. -->","_links":{"self":[{"href":"http:\/\/www.majlunddressage.dk\/index.php?rest_route=\/wp\/v2\/pages\/181"}],"collection":[{"href":"http:\/\/www.majlunddressage.dk\/index.php?rest_route=\/wp\/v2\/pages"}],"about":[{"href":"http:\/\/www.majlunddressage.dk\/index.php?rest_route=\/wp\/v2\/types\/page"}],"author":[{"embeddable":true,"href":"http:\/\/www.majlunddressage.dk\/index.php?rest_route=\/wp\/v2\/users\/1"}],"replies":[{"embeddable":true,"href":"http:\/\/www.majlunddressage.dk\/index.php?rest_route=%2Fwp%2Fv2%2Fcomments&post=181"}],"version-history":[{"count":16,"href":"http:\/\/www.majlunddressage.dk\/index.php?rest_route=\/wp\/v2\/pages\/181\/revisions"}],"predecessor-version":[{"id":896,"href":"http:\/\/www.majlunddressage.dk\/index.php?rest_route=\/wp\/v2\/pages\/181\/revisions\/896"}],"wp:attachment":[{"href":"http:\/\/www.majlunddressage.dk\/index.php?rest_route=%2Fwp%2Fv2%2Fmedia&parent=181"}],"curies":[{"name":"wp","href":"https:\/\/api.w.org\/{rel}","templated":true}]}}