{"id":182,"date":"2020-10-05T13:11:59","date_gmt":"2020-10-05T13:11:59","guid":{"rendered":"http:\/\/www.majlunddressage.dk\/?page_id=182"},"modified":"2026-02-14T10:58:38","modified_gmt":"2026-02-14T10:58:38","slug":"opstaldning","status":"publish","type":"page","link":"http:\/\/www.majlunddressage.dk\/?page_id=182","title":{"rendered":"Opstaldning"},"content":{"rendered":"\n\t<section class=\"section dark\" id=\"section_1512238960\">\n\t\t<div class=\"bg section-bg fill bg-fill  bg-loaded\" >\n\n\t\t\t\n\t\t\t<div class=\"section-bg-overlay absolute fill\"><\/div><div class=\"effect-sparkle bg-effect fill no-click\"><\/div>\n\t\t\t\n\n\t\t<\/div><!-- .section-bg -->\n\n\t\t<div class=\"section-content relative\">\n\t\t\t\n\n<div class=\"row row-collapse align-middle align-center\" style=\"max-width:\" id=\"row-1770074237\">\n\n<div class=\"col medium-6 small-12 large-6\"  ><div class=\"col-inner\" style=\"padding:0px 0px 52px 0px;\" >\n\n<h2>OPSTALDNING HOS MAJLUND DRESSAGE<br \/><span style=\"font-size: 75%;\">Opstaldning tilbydes for alle heste og ponyer uanset alder, k\u00f8n eller race.<\/span><\/h2>\n\n<\/div><\/div>\n<div class=\"col medium-6 small-12 large-6\"  ><div class=\"col-inner text-right\"  >\n\n\t<div class=\"img has-hover x md-x lg-x y md-y lg-y\" id=\"image_67538528\">\n\t\t\t\t\t\t\t\t<div class=\"img-inner dark\" >\n\t\t\t<img width=\"1020\" height=\"765\" src=\"http:\/\/www.majlunddressage.dk\/wp-content\/uploads\/2020\/12\/ops20254-1024x768.jpg\" class=\"attachment-large size-large\" alt=\"\" loading=\"lazy\" srcset=\"http:\/\/www.majlunddressage.dk\/wp-content\/uploads\/2020\/12\/ops20254-1024x768.jpg 1024w, http:\/\/www.majlunddressage.dk\/wp-content\/uploads\/2020\/12\/ops20254-300x225.jpg 300w, http:\/\/www.majlunddressage.dk\/wp-content\/uploads\/2020\/12\/ops20254-768x576.jpg 768w, http:\/\/www.majlunddressage.dk\/wp-content\/uploads\/2020\/12\/ops20254-1536x1152.jpg 1536w, http:\/\/www.majlunddressage.dk\/wp-content\/uploads\/2020\/12\/ops20254-2048x1536.jpg 2048w\" sizes=\"(max-width: 1020px) 100vw, 1020px\" \/>\t\t\t\t\t\t\n\t\t\t\t\t<\/div>\n\t\t\t\t\t\t\t\t\n<style scope=\"scope\">\n\n#image_67538528 {\n  width: 100%;\n}\n<\/style>\n\t<\/div>\n\t\n\n\n<\/div><\/div>\n\n\n<style scope=\"scope\">\n\n<\/style>\n<\/div>\n\n\t\t<\/div><!-- .section-content -->\n\n\t\t\n<style scope=\"scope\">\n\n#section_1512238960 {\n  padding-top: 0px;\n  padding-bottom: 0px;\n}\n#section_1512238960 .section-bg-overlay {\n  background-color: rgba(68, 96, 132, 0.76);\n}\n<\/style>\n\t<\/section>\n\t\n\t<section class=\"section\" id=\"section_9146548\">\n\t\t<div class=\"bg section-bg fill bg-fill  bg-loaded\" >\n\n\t\t\t\n\t\t\t\n\t\t\t\n\t<div class=\"is-border\"\n\t\tstyle=\"border-color:rgb(235, 235, 235);border-width:1px 0px 0px 0px;\">\n\t<\/div>\n\n\t\t<\/div><!-- .section-bg -->\n\n\t\t<div class=\"section-content relative\">\n\t\t\t\n\n<div class=\"row\"  id=\"row-1532094987\">\n\n<div class=\"col medium-6 small-12 large-6\"  ><div class=\"col-inner\"  >\n\n<h5 class=\"uppercase\"><span style=\"font-size: 95%;\">Fuldpasning inkluderer:<br \/><\/span><\/h5>\n<p><span style=\"font-size: 90%;\">Ved fuldpasning tilbydes en boks eller l\u00f8sdrift med dybstr\u00f8else p\u00e5 halm, samt h\u00f8 og foder morgen og aften.<br \/>Ved fuldpas s\u00f8rger vi desuden for udmugning, ind- og udlukning p\u00e5 folde alle ugens dage (dog ikke om s\u00f8ndagen), her skal ejer af hesten, selv s\u00f8rge for at lukke sin hest eller pony til og fra fold.<br \/>Ved fuldpas, inkluderes desuden brug af faciliteterne: Ridehal, udend\u00f8rs ridebane, round pen, samt spring.<\/span><\/p>\n<h5 class=\"uppercase\"><span style=\"font-size: 95%;\">FOLDE:<\/span><\/h5>\n<p><span style=\"font-size: 90%;\">Vi kan tilbyde gr\u00e6sfolde, jordfolde med h\u00f8, samt hingstefolde og sygefolde\/luftefolde. Om sommeren er der mulighed for d\u00f8gnfold.\u00a0 \u00a0<\/span><\/p>\n<h5 class=\"uppercase\"><span style=\"font-size: 95%;\">RIDEFACILITETER:<\/span><\/h5>\n<p><span style=\"font-size: 90%;\">Vi har ridehal, samt en stor udend\u00f8rsbane, som kan anvendes til b\u00e5de spring og dressur. Desuden er der rig mulighed for at ride l\u00e6ngere ture, via kilometerlange grusstier, samt ride i de n\u00e6rliggende skove. Der er mulighed for at kunne ride ud til diget, som ligger knapt 5,5 km fra Majlund Dressage.\u00a0<\/span><\/p>\n<h5 class=\"uppercase\"><span style=\"font-size: 95%;\">ANDRE FACILITETER:<\/span><\/h5>\n<p><span style=\"font-size: 90%;\">Rytterstue med kig til ridehallen, samt et lille tek\u00f8kken med k\u00f8leskab, mikroovn, kogeplade og elkedel. Toilet og bad. P\u00e5 stedet er der tilknyttet en afdeling med ridefysioterapi 4 dage i ugen; ved interesse kan der findes flere informationer i fanen ovenfor. Der bliver desuden l\u00f8bende afholdt kurser af beridere og ryttere udefra.\u00a0<\/span><\/p>\n<p>\u00a0<\/p>\n<h5 class=\"uppercase\"><span style=\"font-size: 95%;\">PRISLISTE:<\/span><\/h5>\n<ul>\n<li><span style=\"font-size: 90%;\">Alle nedenst\u00e5ende opstaldningsl\u00f8sninger er med fuldpasningsordning.<\/span><\/li>\n<li><span style=\"font-size: 12.96px;\">Udeboks hest: 3000 kr. \/mdr. <\/span><\/li>\n<li><span style=\"font-size: 12.96px;\">Udeboks pony: 3000 kr. \/mdr.<\/span><\/li>\n<li><span style=\"font-size: 12.96px;\">Boks i stald hest: 2800 kr. \/mdr. <\/span><\/li>\n<li><span style=\"font-size: 12.96px;\">Boks i stald pony: 2400 kr. \/mdr.<\/span><\/li>\n<li><span style=\"font-size: 90%;\">Boks til pony\/plag: 2000 kr. \/mdr. <\/span><\/li>\n<li><span style=\"font-size: 90%;\">L\u00f8sdrift: 1500 kr.\/mdr.<\/span><\/li>\n<li><span style=\"font-size: 90%;\">Sommergr\u00e6s\/d\u00f8gnfold: 3000 pr. s\u00e6son.\n<p><\/span><\/li>\n<\/ul>\n<h5><span style=\"font-size: 95%;\">TILK\u00d8B:<\/span><\/h5>\n<ul>\n<li><span style=\"font-size: 90%;\">H\u00f8 ad libitum: 450 kr.\/mdr.<\/span><\/li>\n<li><span style=\"font-size: 90%;\">Gamacher af og p\u00e5 ved fold: 300 kr.\/mdr.<\/span><\/li>\n<li><span style=\"font-size: 90%;\">D\u00e6kken af og p\u00e5 ved fold: 400 kr.\/mdr.<br \/><\/span><\/li>\n<li><span style=\"font-size: 90%;\">Skridtmaskine: 10 min = 50 kr.\u00a0 <\/span><\/li>\n<li><span style=\"font-size: 90%;\">Solarie: 10 min = 50 kr.<\/span><\/li>\n<li><span style=\"font-size: 90%;\">\u00d8nsker man udmugning udover termin koster dette 200 kr. pr. gang.\u00a0<\/span><\/li>\n<\/ul>\n<p>\u00a0<\/p>\n\n<\/div><\/div>\n<div class=\"col medium-2 small-12 large-2\"  ><div class=\"col-inner\"  >\n\n\n<\/div><\/div>\n<div class=\"col medium-4 small-12 large-4\"  ><div class=\"col-inner\" style=\"background-color:rgb(226, 222, 222);padding:0px 0px 0px 16px;margin:0px 0px 0px 1px;\" >\n\n<p class=\"uppercase\"><span style=\"color: #000000;\"><strong>\u00a0 \u00a0 \u00a0OVERBLIK:<\/strong><\/span><\/p>\n<h5 class=\"header2\"><span style=\"font-size: 95%; color: #000000;\">\u00a0 \u00a0 \u00a0\u2713 Fuldpasning<\/span><\/h5>\n<h5 class=\"header2\"><span style=\"font-size: 95%; color: #000000;\">\u00a0 \u00a0 \u00a0\u2713 Boks<\/span><\/h5>\n<h5 class=\"header2\"><span style=\"font-size: 95%; color: #000000;\">\u00a0 \u00a0 \u00a0\u2713 L\u00f8sdrift<\/span><\/h5>\n<h5 class=\"header2\"><span style=\"font-size: 95%; color: #000000;\">\u00a0 \u00a0 \u00a0\u2713 Fold<br \/><\/span><\/h5>\n<h5 class=\"header2\"><span style=\"font-size: 95%; color: #000000;\">\u00a0 \u00a0 \u00a0\u2713 Ridehus<br \/><\/span><\/h5>\n<h5 class=\"header2\"><span style=\"font-size: 95%; color: #000000;\">\u00a0 \u00a0 \u00a0\u2713 Udend\u00f8rs ridebane\/springbane<\/span><\/h5>\n<h5 class=\"header2\"><span style=\"font-size: 95%; color: #000000;\">\u00a0 \u00a0 \u00a0\u2713 Round Pen<br \/><\/span><\/h5>\n<h5 class=\"header2\"><span style=\"font-size: 95%; color: #000000;\">\u00a0 \u00a0 \u00a0\u2713 Vandspiltov<\/span><\/h5>\n<h5 class=\"header2\"><span style=\"font-size: 95%; color: #000000;\">\u00a0 \u00a0 \u00a0\u2713 Sommergr\u00e6s\/d\u00f8gnfold<\/span><\/h5>\n<p>\u00a0<\/p>\n<p><span style=\"color: #000000;\"><strong>Der er mulighed for tilk\u00f8b af flere ydelser:<\/strong><\/span> <br \/>Eksempelvis: solarie, skridtmaskine, gamacher p\u00e5 og af ved fold, d\u00e6kkenvask, h\u00f8 ad libitum mm.<\/p>\n<span style=\"color: #000000;\"><strong>Ridehuskort, leje af ridehal\/-bane for ikke-opstaldere: <\/strong><\/span> Man kan k\u00f8be ridehuskort eller leje af hal\/bane; hallen kan kun benyttes i specifikke tidsrum, hvor der ikke er ridefysioterapi og vores regler skal overholdes. HUSK at ved leje af hal\/bane, er banerne ikke reserveret og kan derfor stadig benyttes af opstaldere p\u00e5 stedet. <p>\n\n<p>Leje af hal pr. gang: 50 kr. <br>\nRidehuskort pr. m\u00e5ned: 200 kr. <p>\n\nUndervisningen, samt leje af ridehal\/ridebane eller ridehuskort betales kontant eller via mobilepay til 40 27 52 61. <p>\n<p><strong><span style=\"color: #000000;\">Adresse:<\/span><\/strong><br \/>Lundg\u00e5rdsvej 55<br \/>6760 Ribe<\/p>\n<p><strong><span style=\"color: #000000;\">Kontakt:<\/span><\/strong><br \/>Annika Pag\u00e5rd: 40 27 52 61<br \/>Facebook: Majlund Dressage<\/p>\n<h5 class=\"header2\">\u00a0<\/h5>\n\n<\/div><\/div>\n\n<\/div>\n\n\t\t<\/div><!-- .section-content -->\n\n\t\t\n<style scope=\"scope\">\n\n#section_9146548 {\n  padding-top: 60px;\n  padding-bottom: 60px;\n  min-height: 300px;\n  background-color: rgb(245, 245, 245);\n}\n<\/style>\n\t<\/section>\n\t\n\n","protected":false},"excerpt":{"rendered":"","protected":false},"author":1,"featured_media":0,"parent":0,"menu_order":0,"comment_status":"closed","ping_status":"closed","template":"page-blank.php","meta":[],"yoast_head":"<!-- This site is optimized with the Yoast SEO plugin v15.6.2 - https:\/\/yoast.com\/wordpress\/plugins\/seo\/ -->\n<title>Opstaldning - Majlund Dressage<\/title>\n<meta name=\"robots\" content=\"index, follow, max-snippet:-1, max-image-preview:large, max-video-preview:-1\" \/>\n<link rel=\"canonical\" href=\"http:\/\/www.majlunddressage.dk\/?page_id=182\" \/>\n<meta property=\"og:locale\" content=\"da_DK\" \/>\n<meta property=\"og:type\" content=\"article\" \/>\n<meta property=\"og:title\" content=\"Opstaldning - Majlund Dressage\" \/>\n<meta property=\"og:url\" content=\"http:\/\/www.majlunddressage.dk\/?page_id=182\" \/>\n<meta property=\"og:site_name\" content=\"Majlund Dressage\" \/>\n<meta property=\"article:modified_time\" content=\"2026-02-14T10:58:38+00:00\" \/>\n<meta name=\"twitter:card\" content=\"summary_large_image\" \/>\n<meta name=\"twitter:label1\" content=\"Est. reading time\">\n\t<meta name=\"twitter:data1\" content=\"3 minutter\">\n<script type=\"application\/ld+json\" class=\"yoast-schema-graph\">{\"@context\":\"https:\/\/schema.org\",\"@graph\":[{\"@type\":\"WebSite\",\"@id\":\"https:\/\/www.majlunddressage.dk\/#website\",\"url\":\"https:\/\/www.majlunddressage.dk\/\",\"name\":\"Majlund Dressage\",\"description\":\"Lundg&aring;rdsvej 55, 6760 Ribe\",\"potentialAction\":[{\"@type\":\"SearchAction\",\"target\":\"https:\/\/www.majlunddressage.dk\/?s={search_term_string}\",\"query-input\":\"required name=search_term_string\"}],\"inLanguage\":\"da-DK\"},{\"@type\":\"WebPage\",\"@id\":\"http:\/\/www.majlunddressage.dk\/?page_id=182#webpage\",\"url\":\"http:\/\/www.majlunddressage.dk\/?page_id=182\",\"name\":\"Opstaldning - Majlund Dressage\",\"isPartOf\":{\"@id\":\"https:\/\/www.majlunddressage.dk\/#website\"},\"datePublished\":\"2020-10-05T13:11:59+00:00\",\"dateModified\":\"2026-02-14T10:58:38+00:00\",\"inLanguage\":\"da-DK\",\"potentialAction\":[{\"@type\":\"ReadAction\",\"target\":[\"http:\/\/www.majlunddressage.dk\/?page_id=182\"]}]}]}<\/script>\n<!-- \/ Yoast SEO plugin. -->","_links":{"self":[{"href":"http:\/\/www.majlunddressage.dk\/index.php?rest_route=\/wp\/v2\/pages\/182"}],"collection":[{"href":"http:\/\/www.majlunddressage.dk\/index.php?rest_route=\/wp\/v2\/pages"}],"about":[{"href":"http:\/\/www.majlunddressage.dk\/index.php?rest_route=\/wp\/v2\/types\/page"}],"author":[{"embeddable":true,"href":"http:\/\/www.majlunddressage.dk\/index.php?rest_route=\/wp\/v2\/users\/1"}],"replies":[{"embeddable":true,"href":"http:\/\/www.majlunddressage.dk\/index.php?rest_route=%2Fwp%2Fv2%2Fcomments&post=182"}],"version-history":[{"count":27,"href":"http:\/\/www.majlunddressage.dk\/index.php?rest_route=\/wp\/v2\/pages\/182\/revisions"}],"predecessor-version":[{"id":967,"href":"http:\/\/www.majlunddressage.dk\/index.php?rest_route=\/wp\/v2\/pages\/182\/revisions\/967"}],"wp:attachment":[{"href":"http:\/\/www.majlunddressage.dk\/index.php?rest_route=%2Fwp%2Fv2%2Fmedia&parent=182"}],"curies":[{"name":"wp","href":"https:\/\/api.w.org\/{rel}","templated":true}]}}