{"id":183,"date":"2020-10-05T13:11:59","date_gmt":"2020-10-05T13:11:59","guid":{"rendered":"http:\/\/www.majlunddressage.dk\/?page_id=183"},"modified":"2026-02-14T10:31:56","modified_gmt":"2026-02-14T10:31:56","slug":"undervisning","status":"publish","type":"page","link":"http:\/\/www.majlunddressage.dk\/?page_id=183","title":{"rendered":"Undervisning\/Kursus"},"content":{"rendered":"\n<div class=\"row\"  id=\"row-453210445\">\n\n<div class=\"col medium-8 small-12 large-8\"  ><div class=\"col-inner\"  >\n\n<p>KURSUSDAGE<br \/>Der bliver l\u00f8bende afholdt dressurkursus p\u00e5 Majlund Dressage. Hvis dette har interesse s\u00e5 f\u00f8lg Majlund Dressage p\u00e5 facebook og hold dig opdateret om hvem og hvorn\u00e5r der afholder kursus. Tider mm. bliver ogs\u00e5 sl\u00e5et op p\u00e5 vores facebookside.&nbsp;<\/p>\n<p>UNDERVISNING<\/p>\n<p>Med mange \u00e5rs erfaring indenfor undervisning, er der plads til en bred vifte af ryttere, som \u00f8nsker st\u00f8tte og sparing samtidig med undervisningen p\u00e5 Majlund Dressage. Form\u00e5let er at m\u00f8de rytteren, der hvor vedkommende er og derfra arbejde hen mod de \u00f8nsker og m\u00e5l den individuelle rytter har sat sig. Om det er at f\u00e5 grundridningen i orden, La1 eller h\u00f8jere er underordnet, det er motivationen der skal drive ekvipagen hen til m\u00e5let.<br \/>Er du nybegynder, hj\u00e6lper vi dig gerne i gang, s\u00e5 du f\u00e5r en god start p\u00e5 hesteryg.<\/p>\n<p>P\u00e5 Majlund Dressage undervises b\u00e5de p\u00e5 hold og individuelt, afh\u00e6ngigt af hvad der passer bedst til den enkelte ekvipage. Foruden dette undervises der desuden i b\u00e5de spring og dressur og med mulighed for turridning for de ryttere der m\u00e5tte \u00f8nske det, n\u00e5r vejret er til det.&nbsp;<\/p>\n<p>Undervisningen foreg\u00e5r prim\u00e6rt torsdag eftermiddag fra kl. 15.00 for hold, men for individuelle ryttere, er der mulighed for at lave individuelle aftaler med underviser.<br \/>\u00d8nsker du at l\u00e5ne en hest eller pony og ride undervisning p\u00e5, er dette ogs\u00e5 en mulighed, da vi har flere rideskoleponyer\/heste til r\u00e5dighed, s\u00e5ledes at vi kan finde den helt rette til dig.&nbsp;<\/p>\n<p>Ved interesse for undervisning, da kontakt Annika Pag\u00e5rd pr. telefon 40 27 52 61, s\u00e5 finder vi en tid til dig.<\/p>\n<p>Husk at melde afbud hurtigst muligt til din underviser, hvis du bliver forhindret i at komme, s\u00e5ledes at underviser kan planl\u00e6gge og tilpasse undervisningen for resten af dagen.<\/p>\n<p class=\"uppercase\">KRAV TIL UNDERVISNING<\/p>\n<p>* Alle rider med ridehjelm.<br \/>* Ved springundervisning skal der anvendes sikkerhedsvest.<br \/>* Der skal anvendes ordentligt fodt\u00f8j, hvis ikke ridest\u00f8vler, s\u00e5 som minimum sko eller st\u00f8vler uden sn\u00f8reb\u00e5nd og med en god s\u00e5l.&nbsp;<\/p>\n<p>&nbsp;<\/p>\n\n<\/div><\/div>\n<div class=\"col medium-4 small-12 large-4\"  ><div class=\"col-inner\"  >\n\n\t<div class=\"img has-hover x md-x lg-x y md-y lg-y\" id=\"image_10690792\">\n\t\t\t\t\t\t\t\t<div class=\"img-inner image-cover dark\" style=\"padding-top:104%;\">\n\t\t\t<img width=\"640\" height=\"960\" src=\"http:\/\/www.majlunddressage.dk\/wp-content\/uploads\/2021\/01\/Nicole.png\" class=\"attachment-large size-large\" alt=\"\" loading=\"lazy\" srcset=\"http:\/\/www.majlunddressage.dk\/wp-content\/uploads\/2021\/01\/Nicole.png 640w, http:\/\/www.majlunddressage.dk\/wp-content\/uploads\/2021\/01\/Nicole-200x300.png 200w\" sizes=\"(max-width: 640px) 100vw, 640px\" \/>\t\t\t\t\t\t\n\t\t\t\t\t<\/div>\n\t\t\t\t\t\t\t\t\n<style scope=\"scope\">\n\n#image_10690792 {\n  width: 93%;\n}\n<\/style>\n\t<\/div>\n\t\n\n<p class=\"uppercase\"><span style=\"color: #000000;\"><br \/>PRISER:<\/span><\/p>\n<p><span style=\"color: #000000;\">Undervisning p\u00e5 hold: 175 kr. pr. gang.<\/span><br \/><span style=\"color: #000000;\">Eneundervisning: 200 kr. pr. gang.<\/span><\/p>\n<p><span style=\"color: #000000;\">Varigheden af undervisningen er ca. 30-35 min.<\/span><span style=\"color: #000000;\">&nbsp;&nbsp;<\/span><\/p>\n<p><span style=\"color: #000000;\">\n<p> <span style=\"color: #000000;\">Ridehuskort, leje af ridehal\/-bane for ikke-opstaldere:\nMan kan k\u00f8be ridehuskort eller leje af hal\/bane; hallen kan kun benyttes i specifikke tidsrum, hvor der ikke er ridefysioterapi  og vores regler skal overholdes. HUSK at ved leje af hal\/bane, er banerne ikke reserveret og kan derfor stadig benyttes af opstaldere p\u00e5 stedet. <p> <span style=\"color: #000000;\">\n\nLeje af hal pr. gang: 50 kr. <br> \nRidehuskort pr. m\u00e5ned: 200 kr. <p> <span style=\"color: #000000;\">Undervisningen, samt leje af ridehal\/ridebane eller ridehuskort betales kontant eller via mobilepay til 40 27 52 61.<\/span><\/p>\n<div class=\"social-icons follow-icons full-width text-right\" ><a href=\"facebook.com\/majlunddressage\" target=\"_blank\" data-label=\"Facebook\"  rel=\"noopener noreferrer nofollow\" class=\"icon button circle is-outline facebook tooltip\" title=\"F\u00f8lg p\u00e5 Facebook\"><i class=\"icon-facebook\" ><\/i><\/a><\/div>\n\n\n<\/div><\/div>\n\n<\/div>\n\n","protected":false},"excerpt":{"rendered":"","protected":false},"author":1,"featured_media":0,"parent":0,"menu_order":0,"comment_status":"closed","ping_status":"closed","template":"","meta":[],"yoast_head":"<!-- This site is optimized with the Yoast SEO plugin v15.6.2 - https:\/\/yoast.com\/wordpress\/plugins\/seo\/ -->\n<title>Undervisning\/Kursus - Majlund Dressage<\/title>\n<meta name=\"robots\" content=\"index, follow, max-snippet:-1, max-image-preview:large, max-video-preview:-1\" \/>\n<link rel=\"canonical\" href=\"https:\/\/www.majlunddressage.dk\/?page_id=183\" \/>\n<meta property=\"og:locale\" content=\"da_DK\" \/>\n<meta property=\"og:type\" content=\"article\" \/>\n<meta property=\"og:title\" content=\"Undervisning\/Kursus - Majlund Dressage\" \/>\n<meta property=\"og:url\" content=\"https:\/\/www.majlunddressage.dk\/?page_id=183\" \/>\n<meta property=\"og:site_name\" content=\"Majlund Dressage\" \/>\n<meta property=\"article:modified_time\" content=\"2026-02-14T10:31:56+00:00\" \/>\n<meta name=\"twitter:card\" content=\"summary_large_image\" \/>\n<meta name=\"twitter:label1\" content=\"Est. reading time\">\n\t<meta name=\"twitter:data1\" content=\"2 minutter\">\n<script type=\"application\/ld+json\" class=\"yoast-schema-graph\">{\"@context\":\"https:\/\/schema.org\",\"@graph\":[{\"@type\":\"WebSite\",\"@id\":\"http:\/\/www.majlunddressage.dk\/#website\",\"url\":\"http:\/\/www.majlunddressage.dk\/\",\"name\":\"Majlund Dressage\",\"description\":\"Lundg&aring;rdsvej 55, 6760 Ribe\",\"potentialAction\":[{\"@type\":\"SearchAction\",\"target\":\"http:\/\/www.majlunddressage.dk\/?s={search_term_string}\",\"query-input\":\"required name=search_term_string\"}],\"inLanguage\":\"da-DK\"},{\"@type\":\"WebPage\",\"@id\":\"https:\/\/www.majlunddressage.dk\/?page_id=183#webpage\",\"url\":\"https:\/\/www.majlunddressage.dk\/?page_id=183\",\"name\":\"Undervisning\/Kursus - Majlund Dressage\",\"isPartOf\":{\"@id\":\"http:\/\/www.majlunddressage.dk\/#website\"},\"datePublished\":\"2020-10-05T13:11:59+00:00\",\"dateModified\":\"2026-02-14T10:31:56+00:00\",\"inLanguage\":\"da-DK\",\"potentialAction\":[{\"@type\":\"ReadAction\",\"target\":[\"https:\/\/www.majlunddressage.dk\/?page_id=183\"]}]}]}<\/script>\n<!-- \/ Yoast SEO plugin. -->","_links":{"self":[{"href":"http:\/\/www.majlunddressage.dk\/index.php?rest_route=\/wp\/v2\/pages\/183"}],"collection":[{"href":"http:\/\/www.majlunddressage.dk\/index.php?rest_route=\/wp\/v2\/pages"}],"about":[{"href":"http:\/\/www.majlunddressage.dk\/index.php?rest_route=\/wp\/v2\/types\/page"}],"author":[{"embeddable":true,"href":"http:\/\/www.majlunddressage.dk\/index.php?rest_route=\/wp\/v2\/users\/1"}],"replies":[{"embeddable":true,"href":"http:\/\/www.majlunddressage.dk\/index.php?rest_route=%2Fwp%2Fv2%2Fcomments&post=183"}],"version-history":[{"count":27,"href":"http:\/\/www.majlunddressage.dk\/index.php?rest_route=\/wp\/v2\/pages\/183\/revisions"}],"predecessor-version":[{"id":952,"href":"http:\/\/www.majlunddressage.dk\/index.php?rest_route=\/wp\/v2\/pages\/183\/revisions\/952"}],"wp:attachment":[{"href":"http:\/\/www.majlunddressage.dk\/index.php?rest_route=%2Fwp%2Fv2%2Fmedia&parent=183"}],"curies":[{"name":"wp","href":"https:\/\/api.w.org\/{rel}","templated":true}]}}