{"id":184,"date":"2020-10-05T13:11:59","date_gmt":"2020-10-05T13:11:59","guid":{"rendered":"http:\/\/www.majlunddressage.dk\/?page_id=184"},"modified":"2024-03-01T15:01:10","modified_gmt":"2024-03-01T15:01:10","slug":"daekkenvask","status":"publish","type":"page","link":"http:\/\/www.majlunddressage.dk\/?page_id=184","title":{"rendered":"D\u00e6kkenvask"},"content":{"rendered":"\n<div class=\"row\"  id=\"row-1248930994\">\n\n<div class=\"col medium-7 small-12 large-7\"  ><div class=\"col-inner\" style=\"margin:40px 0px 0px 0px;\" >\n\n<p class=\"uppercase\"><strong>D\u00c6KKENVASK<\/strong><\/p>\n<p>Majlund Dressage tilbyder d\u00e6kkenvask, samt vask af underlag, gamacher, gjorde og andet rideudstyr. Vi vasker det, du ikke selv kan vaske, eller hvis du blot \u00f8nsker at sk\u00e5ne din egen vaskemaskine der hjemme.<br \/>Alt udstyr bliver efterf\u00f8lgende t\u00f8rretumblet, hvis dette fra\u00f8nskes, kan der vedl\u00e6gges en seddel om dette.<\/p>\n<p>Vi forventer at en vask, afleveret inden kl. 14.00, kan afhentes efter 24 timer, frisk og nyvasket. Hvis der \u00f8nskes luftt\u00f8rring, skal min. p\u00e5regnes 2 dage.<br \/>Der kan opst\u00e5 k\u00f8 ved maskinerne, som kan uds\u00e6tte afhentningen. Dette bliver i selvf\u00f8lgelig informeret om ved aflevering.\u00a0<\/p>\n<p>Husk at vedl\u00e6gge en seddel i posen\/s\u00e6kken ved aflevering med navn, s\u00e5 der ikke opst\u00e5r tvivl om, hvem det tilh\u00f8rer.<\/p>\n<p>\u00a0<\/p>\n<p class=\"uppercase\"><strong>PRIS<\/strong><\/p>\n<p>D\u00e6kken &#8211; 85 kr. pr. stk.<br \/>T\u00e6pper &#8211; 80 kr. pr. stk.\u00a0<br \/>Underlag &#8211; 25 kr. pr. stk.\u00a0<br \/>Gamacher og klokker &#8211; 25 kr. pr. s\u00e6t.\u00a0<\/p>\n<p>Andet sm\u00e5t rideudstyr &#8211; 25 kr. pr. stk.\u00a0<\/p>\n<p class=\"uppercase\"><strong>BETALING<\/strong><\/p>\n<p>Kontant eller mobilepay til <br \/>Annika Pag\u00e5rd: 40 27 52 61<\/p>\n<p>\u00a0<\/p>\n\n<\/div><\/div>\n<div class=\"col medium-1 small-12 large-1\"  ><div class=\"col-inner\" style=\"padding:40px 0px 0px 0px;\" >\n\n\n<\/div><\/div>\n<div class=\"col medium-4 small-12 large-4\"  ><div class=\"col-inner\" style=\"padding:40px 0px 0px 0px;\" >\n\n\t<div class=\"img has-hover x md-x lg-x y md-y lg-y\" id=\"image_1569376798\">\n\t\t\t\t\t\t\t\t<div class=\"img-inner image-cover dark\" style=\"padding-top:115%;margin:0px 0px 0px 0px;\">\n\t\t\t<img width=\"683\" height=\"1024\" src=\"http:\/\/www.majlunddressage.dk\/wp-content\/uploads\/2020\/10\/2020_HEST-3781-683x1024.jpg\" class=\"attachment-large size-large\" alt=\"\" loading=\"lazy\" srcset=\"http:\/\/www.majlunddressage.dk\/wp-content\/uploads\/2020\/10\/2020_HEST-3781-683x1024.jpg 683w, http:\/\/www.majlunddressage.dk\/wp-content\/uploads\/2020\/10\/2020_HEST-3781-200x300.jpg 200w, http:\/\/www.majlunddressage.dk\/wp-content\/uploads\/2020\/10\/2020_HEST-3781-768x1152.jpg 768w, http:\/\/www.majlunddressage.dk\/wp-content\/uploads\/2020\/10\/2020_HEST-3781-1024x1536.jpg 1024w, http:\/\/www.majlunddressage.dk\/wp-content\/uploads\/2020\/10\/2020_HEST-3781.jpg 1280w\" sizes=\"(max-width: 683px) 100vw, 683px\" \/>\t\t\t\t\t\t\n\t\t\t\t\t<\/div>\n\t\t\t\t\t\t\t\t\n<style scope=\"scope\">\n\n#image_1569376798 {\n  width: 100%;\n}\n<\/style>\n\t<\/div>\n\t\n\n\n<\/div><\/div>\n\n<\/div>\n\n","protected":false},"excerpt":{"rendered":"","protected":false},"author":1,"featured_media":0,"parent":0,"menu_order":0,"comment_status":"closed","ping_status":"closed","template":"","meta":[],"yoast_head":"<!-- This site is optimized with the Yoast SEO plugin v15.6.2 - https:\/\/yoast.com\/wordpress\/plugins\/seo\/ -->\n<title>D\u00e6kkenvask - Majlund Dressage<\/title>\n<meta name=\"robots\" content=\"index, follow, max-snippet:-1, max-image-preview:large, max-video-preview:-1\" \/>\n<link rel=\"canonical\" href=\"http:\/\/www.majlunddressage.dk\/?page_id=184\" \/>\n<meta property=\"og:locale\" content=\"da_DK\" \/>\n<meta property=\"og:type\" content=\"article\" \/>\n<meta property=\"og:title\" content=\"D\u00e6kkenvask - Majlund Dressage\" \/>\n<meta property=\"og:url\" content=\"http:\/\/www.majlunddressage.dk\/?page_id=184\" \/>\n<meta property=\"og:site_name\" content=\"Majlund Dressage\" \/>\n<meta property=\"article:modified_time\" content=\"2024-03-01T15:01:10+00:00\" \/>\n<meta name=\"twitter:card\" content=\"summary_large_image\" \/>\n<meta name=\"twitter:label1\" content=\"Est. reading time\">\n\t<meta name=\"twitter:data1\" content=\"1 minut\">\n<script type=\"application\/ld+json\" class=\"yoast-schema-graph\">{\"@context\":\"https:\/\/schema.org\",\"@graph\":[{\"@type\":\"WebSite\",\"@id\":\"http:\/\/www.majlunddressage.dk\/#website\",\"url\":\"http:\/\/www.majlunddressage.dk\/\",\"name\":\"Majlund Dressage\",\"description\":\"Lundg&aring;rdsvej 55, 6760 Ribe\",\"potentialAction\":[{\"@type\":\"SearchAction\",\"target\":\"http:\/\/www.majlunddressage.dk\/?s={search_term_string}\",\"query-input\":\"required name=search_term_string\"}],\"inLanguage\":\"da-DK\"},{\"@type\":\"WebPage\",\"@id\":\"http:\/\/www.majlunddressage.dk\/?page_id=184#webpage\",\"url\":\"http:\/\/www.majlunddressage.dk\/?page_id=184\",\"name\":\"D\\u00e6kkenvask - Majlund Dressage\",\"isPartOf\":{\"@id\":\"http:\/\/www.majlunddressage.dk\/#website\"},\"datePublished\":\"2020-10-05T13:11:59+00:00\",\"dateModified\":\"2024-03-01T15:01:10+00:00\",\"inLanguage\":\"da-DK\",\"potentialAction\":[{\"@type\":\"ReadAction\",\"target\":[\"http:\/\/www.majlunddressage.dk\/?page_id=184\"]}]}]}<\/script>\n<!-- \/ Yoast SEO plugin. -->","_links":{"self":[{"href":"http:\/\/www.majlunddressage.dk\/index.php?rest_route=\/wp\/v2\/pages\/184"}],"collection":[{"href":"http:\/\/www.majlunddressage.dk\/index.php?rest_route=\/wp\/v2\/pages"}],"about":[{"href":"http:\/\/www.majlunddressage.dk\/index.php?rest_route=\/wp\/v2\/types\/page"}],"author":[{"embeddable":true,"href":"http:\/\/www.majlunddressage.dk\/index.php?rest_route=\/wp\/v2\/users\/1"}],"replies":[{"embeddable":true,"href":"http:\/\/www.majlunddressage.dk\/index.php?rest_route=%2Fwp%2Fv2%2Fcomments&post=184"}],"version-history":[{"count":6,"href":"http:\/\/www.majlunddressage.dk\/index.php?rest_route=\/wp\/v2\/pages\/184\/revisions"}],"predecessor-version":[{"id":802,"href":"http:\/\/www.majlunddressage.dk\/index.php?rest_route=\/wp\/v2\/pages\/184\/revisions\/802"}],"wp:attachment":[{"href":"http:\/\/www.majlunddressage.dk\/index.php?rest_route=%2Fwp%2Fv2%2Fmedia&parent=184"}],"curies":[{"name":"wp","href":"https:\/\/api.w.org\/{rel}","templated":true}]}}