{"id":618,"date":"2021-01-16T11:24:21","date_gmt":"2021-01-16T11:24:21","guid":{"rendered":"http:\/\/www.majlunddressage.dk\/?page_id=618"},"modified":"2026-02-14T10:06:49","modified_gmt":"2026-02-14T10:06:49","slug":"amour-majlund","status":"publish","type":"page","link":"http:\/\/www.majlunddressage.dk\/?page_id=618","title":{"rendered":"Hingste"},"content":{"rendered":"\n\t<section class=\"section\" id=\"section_1753363518\">\n\t\t<div class=\"bg section-bg fill bg-fill  bg-loaded\" >\n\n\t\t\t\n\t\t\t\n\t\t\t\n\t<div class=\"is-border\"\n\t\tstyle=\"border-color:rgb(235, 235, 235);border-width:1px 0px 0px 0px;\">\n\t<\/div>\n\n\t\t<\/div><!-- .section-bg -->\n\n\t\t<div class=\"section-content relative\">\n\t\t\t\n\n<div class=\"row row-large align-middle align-center\"  id=\"row-530255068\">\n\n<div class=\"col medium-6 small-12 large-6\"  ><div class=\"col-inner\"  >\n\n\t<div class=\"img has-hover x md-x lg-x y md-y lg-y\" id=\"image_1131190788\">\n\t\t\t\t\t\t\t\t<div class=\"img-inner dark\" style=\"margin:0px 0px 0px 0px;\">\n\t\t\t<img width=\"683\" height=\"1024\" src=\"http:\/\/www.majlunddressage.dk\/wp-content\/uploads\/2024\/04\/437089161_880757037141122_712409242088832426_n-1-1-683x1024.jpg\" class=\"attachment-large size-large\" alt=\"\" loading=\"lazy\" srcset=\"http:\/\/www.majlunddressage.dk\/wp-content\/uploads\/2024\/04\/437089161_880757037141122_712409242088832426_n-1-1-683x1024.jpg 683w, http:\/\/www.majlunddressage.dk\/wp-content\/uploads\/2024\/04\/437089161_880757037141122_712409242088832426_n-1-1-200x300.jpg 200w, http:\/\/www.majlunddressage.dk\/wp-content\/uploads\/2024\/04\/437089161_880757037141122_712409242088832426_n-1-1-768x1152.jpg 768w, http:\/\/www.majlunddressage.dk\/wp-content\/uploads\/2024\/04\/437089161_880757037141122_712409242088832426_n-1-1-1024x1536.jpg 1024w, http:\/\/www.majlunddressage.dk\/wp-content\/uploads\/2024\/04\/437089161_880757037141122_712409242088832426_n-1-1.jpg 1067w\" sizes=\"(max-width: 683px) 100vw, 683px\" \/>\t\t\t\t\t\t\n\t\t\t\t\t<\/div>\n\t\t\t\t\t\t\t\t\n<style scope=\"scope\">\n\n#image_1131190788 {\n  width: 100%;\n}\n<\/style>\n\t<\/div>\n\t\n\n\n<\/div><\/div>\n<div class=\"col medium-6 small-12 large-6\"  ><div class=\"col-inner\"  >\n\n<p><span style=\"color: #000000;\"><span style=\"font-size: 85%;\">Majlund Dressage<\/span><span style=\"font-size: 75%;\"><span style=\"font-size: 85%;\"><br \/><\/span><\/span><strong style=\"font-size: 14.4px;\"><span style=\"font-size: 180%;\">C<\/span><\/strong><strong style=\"font-size: 14.4px;\"><span style=\"font-size: 180%;\">HICAGO MAJLUND<\/span><\/strong><\/span><\/p>\n<div class=\"row\"  id=\"row-169339723\">\n\n<div class=\"col medium-4 small-12 large-4\"  ><div class=\"col-inner\" style=\"max-width:0px;margin:0px 0px -4px 0px;\" >\n\n\n<\/div><\/div>\n<div class=\"col medium-4 small-12 large-4\"  ><div class=\"col-inner\"  >\n\n\t<div class=\"img has-hover x md-x lg-x y md-y lg-y\" id=\"image_688246247\">\n\t\t\t\t\t\t\t\t<div class=\"img-inner dark\" style=\"margin:0px 0px -4px 0px;\">\n\t\t\t<img width=\"200\" height=\"123\" src=\"http:\/\/www.majlunddressage.dk\/wp-content\/uploads\/2020\/12\/e449f12f-8ca0-45f4-b911-990bb47af5fa1.png\" class=\"attachment-large size-large\" alt=\"\" loading=\"lazy\" \/>\t\t\t\t\t\t\n\t\t\t\t\t<\/div>\n\t\t\t\t\t\t\t\t\n<style scope=\"scope\">\n\n#image_688246247 {\n  width: 100%;\n}\n<\/style>\n\t<\/div>\n\t\n\n\n<\/div><\/div>\n<div class=\"col medium-4 small-12 large-4\"  ><div class=\"col-inner\" style=\"padding:0px 0px 0px152px 0px;margin:0px 0px -4px 0px;\" >\n\n\n<\/div><\/div>\n\n<\/div>\n<p><span style=\"color: #000000;\"><strong><span style=\"font-size: 75%;\">F\u00f8dt\u00a0 \u00a0 \u00a0 \u00a0 \u00a0 \u00a0 \u00a0 \u00a0 \u00a0 \u00a0 \u00a0 \u00a0 \u00a0 \u00a0 \u00a0 \u00a0 \u00a0 \u00a0 \u00a0 \u00a0 \u00a0 \u00a0 \u00a0 \u00a0 \u00a0 \u00a0 \u00a0 \u00a0 \u00a0 \u00a0 \u00a0 \u00a0 \u00a0 \u00a0 \u00a0 \u00a0 \u00a0 \u00a0 \u00a0 \u00a0 \u00a0 \u00a0 \u00a0 \u00a0 \u00a0 \u00a0 2021<\/span><\/strong><\/span><\/p>\n<hr \/>\n<p><span style=\"color: #000000;\"><strong><span style=\"font-size: 75%;\">Farve\u00a0 \u00a0 \u00a0 \u00a0 \u00a0 \u00a0 \u00a0 \u00a0 \u00a0 \u00a0 \u00a0 \u00a0 \u00a0 \u00a0 \u00a0 \u00a0 \u00a0 \u00a0 \u00a0 \u00a0 \u00a0 \u00a0 \u00a0 \u00a0 \u00a0 \u00a0 \u00a0 \u00a0 \u00a0 \u00a0 \u00a0 \u00a0 \u00a0 \u00a0 \u00a0 \u00a0 \u00a0 \u00a0 \u00a0 \u00a0 \u00a0 \u00a0 \u00a0 \u00a0 \u00a0 \u00a0 R\u00f8d<\/span><\/strong><\/span><\/p>\n<hr \/>\n<p><span style=\"color: #000000;\"><strong><span style=\"font-size: 75%;\">H\u00f8jde\u00a0 \u00a0 \u00a0 \u00a0 \u00a0 \u00a0 \u00a0 \u00a0 \u00a0 \u00a0 \u00a0 \u00a0 \u00a0 \u00a0 \u00a0 \u00a0 \u00a0 \u00a0 \u00a0 \u00a0 \u00a0 \u00a0 \u00a0 \u00a0 \u00a0 \u00a0 \u00a0 \u00a0 \u00a0 \u00a0 \u00a0 \u00a0 \u00a0 \u00a0 \u00a0 \u00a0 \u00a0 \u00a0 \u00a0 \u00a0 \u00a0 \u00a0 \u00a0 \u00a0 \u00a0 \u00a0 175<\/span><\/strong><\/span><\/p>\n<hr \/>\n<p><span style=\"color: #000000;\"><strong><span style=\"font-size: 75%;\">Avler\u00a0 \u00a0 \u00a0 \u00a0 \u00a0 \u00a0 \u00a0 \u00a0 \u00a0 \u00a0 \u00a0 \u00a0Annika Pag\u00e5rd \/ Majlund Dressage<\/span><\/strong><\/span><\/p>\n<hr \/>\n<p><span style=\"color: #000000;\"><strong><span style=\"font-size: 75%;\">Opstaldning\u00a0 \u00a0 \u00a0 \u00a0 \u00a0 \u00a0 \u00a0 \u00a0 \u00a0 \u00a0 \u00a0 \u00a0 \u00a0 \u00a0 \u00a0 \u00a0 \u00a0 \u00a0 \u00a0 \u00a0 \u00a0 \u00a0 \u00a0 \u00a0 \u00a0 \u00a0 \u00a0 \u00a0CS Equestrian <br \/><\/span><\/strong><\/span><\/p>\n<hr \/>\n<p><span style=\"color: #000000;\"><strong><span style=\"font-size: 75%;\">Wffs\u00a0 \u00a0 \u00a0 \u00a0 \u00a0 \u00a0 \u00a0 \u00a0 \u00a0 \u00a0 \u00a0 \u00a0 \u00a0 \u00a0 \u00a0 \u00a0 \u00a0 \u00a0 \u00a0 \u00a0 \u00a0 \u00a0 \u00a0 \u00a0 \u00a0 \u00a0 \u00a0 \u00a0 \u00a0 \u00a0 \u00a0 \u00a0 \u00a0 \u00a0 \u00a0 \u00a0 \u00a0 \u00a0 \u00a0 \u00a0 \u00a0 \u00a0 \u00a0 \u00a0Positiv<br \/><\/span><\/strong><\/span><\/p>\n<hr \/>\n<p>\u00a0<\/p>\n\n\t\t<div class=\"icon-box featured-box icon-box-top text-left\"  >\n\t\t\t\t<div class=\"icon-box-text last-reset\">\n\t\t\t\t\t\t\t\t\t\n\n<div class=\"is-divider divider clearfix\" style=\"max-width:0px;height:0px;\"><\/div><!-- .divider -->\n\n<p><span style=\"color: #000000;\"><strong>1 .\u00a0 rate 3000 DKK ex. moms<br \/>2 .\u00a0 rate 4500 DKK ex. moms + bed\u00e6kningsattest og levering*<\/p>\n<p><\/strong><span style=\"font-size: 80%;\">*Bem\u00e6rk 2. rate forfalder 70 dage efter sidste inseminering, s\u00e5fremt hoppen er dr\u00e6gtig. Bliver hoppen mod forventning ikke dr\u00e6gtig, er det hoppeejerens pligt at sende negativ dr\u00e6gtighedserkl\u00e6ring inden.<br \/><\/span><strong><br \/><\/strong><\/span><\/p>\n\n\t\t<\/div>\n\t<\/div><!-- .icon-box -->\n\t\n\t\n<a href=\"https:\/\/www.majlunddressage.dk\/?page_id=863\" target=\"_self\" class=\"button primary lowercase expand\"  style=\"border-radius:27px;\">\n    <span>Bestil s\u00e6d<\/span>\n  <\/a>\n\n\n<div class=\"social-icons follow-icons\" ><a href=\"https:\/\/www.facebook.com\/\" target=\"_blank\" data-label=\"Facebook\"  rel=\"noopener noreferrer nofollow\" class=\"icon button circle is-outline facebook tooltip\" title=\"F\u00f8lg p\u00e5 Facebook\"><i class=\"icon-facebook\" ><\/i><\/a><a href=\"instagram.dk\" target=\"_blank\" rel=\"noopener noreferrer nofollow\" data-label=\"Instagram\" class=\"icon button circle is-outline  instagram tooltip\" title=\"F\u00f8lg p\u00e5 Instagram\"><i class=\"icon-instagram\" ><\/i><\/a><a href=\"mailto:outlook.com\" data-label=\"E-mail\"  rel=\"nofollow\" class=\"icon button circle is-outline  email tooltip\" title=\"Send os en email\"><i class=\"icon-envelop\" ><\/i><\/a><\/div>\n\n\n<\/div><\/div>\n\n\n<style scope=\"scope\">\n\n<\/style>\n<\/div>\n<p>Chicago er efter pr\u00e6miehingsten Vivino og er en imponerende og udtryksfuld unghingst med en topmoderne og sporty udstr\u00e5ling. Chicago blev k\u00e5ret i Dansk Varmblod ved hingstek\u00e5ringen i Herning 2024 med en flot beskrivelse og gode karakterer. Far til Chicago er selv godt p\u00e5 vej i sporten og har allerede flere k\u00e5rede s\u00f8nner p\u00e5 cv&#8217;et. Chicago har med hans dejlige temperament og sind vist sig for at v\u00e6re s\u00e6rdeles ridelig; han udviser g\u00e5p\u00e5mod, byder sig til og har en fantastisk indstilling til at arbejde. Han er ligeledes nem i den daglige h\u00e5ndtering. Ydermere besidder Chicago 3 elastiske gangarter med en hel ekstraordin\u00e6r bagbensaktion. Han er s\u00e6rdeles smidig i sin bev\u00e6gelse, er meget selvg\u00e5ende og tager en med.<\/p>\n\n<p>Chicago blev som f\u00f8l k\u00e5ret som \u00e5rets dressurbetonet hingstef\u00f8l p\u00e5 landsplan i \u00e5r 2021. Mor til Chicago er k\u00e5ret RDH og har tidligere haft et afkom efter D&#8217;avie udtaget til hingstek\u00e5ringen i Herning tilbage i \u00e5r 2023. Mormor er udn\u00e6vnt som elitehoppe i Dansk Varmblod og har produceret flere afkom, som er udtaget til Dansk Varmblods Unghestechampionat; heriblandt Zizi Top Majlund, der vandt sin egnethedstest i \u00e5r 2014 med bl.a. 9 i galop og ridelighed og 8,5 i skridt, trav og kapacitet. Foruden Zizi Top Majlund har mormor desuden produceret Poseidon Majlund, som gik i finalen ved UVM. Oldemoderen er selv s\u00f8lvmedaljehoppe og har produceret en Grand Prix hest.<\/p>\n<\/p> Chicago sluttede en flot materialpr\u00f8ve ved 35-testen i efter\u00e5ret 2024 med hele 820 point, samt fik nogle  flotte ord med p\u00e5 vejen fra b\u00e5de dommere, rytter og testrytter, hvor is\u00e6r hans ridelighed blev fremh\u00e6vet som ekstraordin\u00e6r. I efter\u00e5ret 2025 gik Chicago 4 \u00e5rs championatet p\u00e5 Frederiksv\u00e6rk, hvor han overlegent vandt hans afdeling med bl.a. 9,5 i skridt og 9 i kapacitet. Han afsluttede championatet som nr. 9 p\u00e5 landsplan. <p>\n<p>Chicago er en utrolig sp\u00e6ndende ung hingst, der rejser store forventninger til fremtiden.<\/p>\n<p>Chicago er k\u00e5ret med f\u00f8lgende karakterer:<\/p>\n<p>8,5 Type og rammer<br \/>8,0 Hoved og hals<br \/>9,0 Skulder og manke<br \/>8,0 Overlinje og bagpart<br \/>7,5 Forlemmer<br \/>7,0 Baglemmer<br \/>8,0 Skridt<br \/>8,0 Trav<br \/>8,0 Galop<br \/>8,0 Helhel<\/p>\n<p>Bem\u00e6rkninger: Fri for OCD<\/p>\n<div class=\"row align-center\"  id=\"row-1320022284\">\n\n<div class=\"col medium-2 small-12 large-2\"  ><div class=\"col-inner\"  >\n\n\n<\/div><\/div>\n<div class=\"col medium-8 small-12 large-8\"  ><div class=\"col-inner\"  >\n\n<div class=\"is-divider divider clearfix\" style=\"max-width:0px;height:0px;\"><\/div><!-- .divider -->\n\n\t<div class=\"img has-hover x md-x lg-x y md-y lg-y\" id=\"image_2087862392\">\n\t\t\t\t\t\t\t\t<div class=\"img-inner dark\" >\n\t\t\t<img width=\"666\" height=\"427\" src=\"http:\/\/www.majlunddressage.dk\/wp-content\/uploads\/2024\/04\/Skaermbillede-2024-04-18-170625.png\" class=\"attachment-large size-large\" alt=\"\" loading=\"lazy\" srcset=\"http:\/\/www.majlunddressage.dk\/wp-content\/uploads\/2024\/04\/Skaermbillede-2024-04-18-170625.png 666w, http:\/\/www.majlunddressage.dk\/wp-content\/uploads\/2024\/04\/Skaermbillede-2024-04-18-170625-300x192.png 300w\" sizes=\"(max-width: 666px) 100vw, 666px\" \/>\t\t\t\t\t\t\n\t\t\t\t\t<\/div>\n\t\t\t\t\t\t\t\t\n<style scope=\"scope\">\n\n#image_2087862392 {\n  width: 100%;\n}\n<\/style>\n\t<\/div>\n\t\n\n\n<\/div><\/div>\n<div class=\"col medium-2 small-12 large-2\"  ><div class=\"col-inner\"  >\n\n\n<\/div><\/div>\n\n\n<style scope=\"scope\">\n\n<\/style>\n<\/div>\n<div class=\"row\"  id=\"row-729025055\">\n\n<div class=\"col medium-4 small-12 large-4\"  ><div class=\"col-inner\"  >\n\n\n<\/div><\/div>\n<div class=\"col medium-4 small-12 large-4\"  ><div class=\"col-inner\"  >\n\n<a href=\"https:\/\/www.horsetelex.com\/horses\/pedigree\/2377311\/chicago-majlund\" target=\"_self\" class=\"button alert is-underline is-small lowercase\"  >\n    <span>Flere informationer p\u00e5 HorseTelex.com<\/span>\n  <\/a>\n\n\n\n<\/div><\/div>\n<div class=\"col medium-4 small-12 large-4\"  ><div class=\"col-inner\"  >\n\n\n<\/div><\/div>\n\n<\/div>\n<div class=\"row\"  id=\"row-1971690789\">\n\n<div class=\"col medium-4 small-12 large-4\"  ><div class=\"col-inner\"  >\n\n\t<div class=\"img has-hover x md-x lg-x y md-y lg-y\" id=\"image_1904414032\">\n\t\t\t\t\t\t\t\t<div class=\"img-inner dark\" >\n\t\t\t<img width=\"682\" height=\"1024\" src=\"http:\/\/www.majlunddressage.dk\/wp-content\/uploads\/2024\/04\/437339345_3684362105161627_5678591399769738177_n-1-682x1024.jpg\" class=\"attachment-large size-large\" alt=\"\" loading=\"lazy\" srcset=\"http:\/\/www.majlunddressage.dk\/wp-content\/uploads\/2024\/04\/437339345_3684362105161627_5678591399769738177_n-1-682x1024.jpg 682w, http:\/\/www.majlunddressage.dk\/wp-content\/uploads\/2024\/04\/437339345_3684362105161627_5678591399769738177_n-1-200x300.jpg 200w, http:\/\/www.majlunddressage.dk\/wp-content\/uploads\/2024\/04\/437339345_3684362105161627_5678591399769738177_n-1-768x1153.jpg 768w, http:\/\/www.majlunddressage.dk\/wp-content\/uploads\/2024\/04\/437339345_3684362105161627_5678591399769738177_n-1-1023x1536.jpg 1023w, http:\/\/www.majlunddressage.dk\/wp-content\/uploads\/2024\/04\/437339345_3684362105161627_5678591399769738177_n-1.jpg 1066w\" sizes=\"(max-width: 682px) 100vw, 682px\" \/>\t\t\t\t\t\t\n\t\t\t\t\t<\/div>\n\t\t\t\t\t\t\t\t\n<style scope=\"scope\">\n\n#image_1904414032 {\n  width: 100%;\n}\n<\/style>\n\t<\/div>\n\t\n\n\n<\/div><\/div>\n<div class=\"col medium-4 small-12 large-4\"  ><div class=\"col-inner\"  >\n\n\t<div class=\"img has-hover x md-x lg-x y md-y lg-y\" id=\"image_1244225865\">\n\t\t\t\t\t\t\t\t<div class=\"img-inner dark\" >\n\t\t\t<img width=\"683\" height=\"1024\" src=\"http:\/\/www.majlunddressage.dk\/wp-content\/uploads\/2024\/04\/434877471_1349699765708033_6404266610705281413_n-1-683x1024.jpg\" class=\"attachment-large size-large\" alt=\"\" loading=\"lazy\" srcset=\"http:\/\/www.majlunddressage.dk\/wp-content\/uploads\/2024\/04\/434877471_1349699765708033_6404266610705281413_n-1-683x1024.jpg 683w, http:\/\/www.majlunddressage.dk\/wp-content\/uploads\/2024\/04\/434877471_1349699765708033_6404266610705281413_n-1-200x300.jpg 200w, http:\/\/www.majlunddressage.dk\/wp-content\/uploads\/2024\/04\/434877471_1349699765708033_6404266610705281413_n-1-768x1152.jpg 768w, http:\/\/www.majlunddressage.dk\/wp-content\/uploads\/2024\/04\/434877471_1349699765708033_6404266610705281413_n-1-1024x1536.jpg 1024w, http:\/\/www.majlunddressage.dk\/wp-content\/uploads\/2024\/04\/434877471_1349699765708033_6404266610705281413_n-1.jpg 1067w\" sizes=\"(max-width: 683px) 100vw, 683px\" \/>\t\t\t\t\t\t\n\t\t\t\t\t<\/div>\n\t\t\t\t\t\t\t\t\n<style scope=\"scope\">\n\n#image_1244225865 {\n  width: 100%;\n}\n<\/style>\n\t<\/div>\n\t\n\n\n<\/div><\/div>\n<div class=\"col medium-4 small-12 large-4\"  ><div class=\"col-inner\"  >\n\n\t<div class=\"img has-hover x md-x lg-x y md-y lg-y\" id=\"image_151570877\">\n\t\t\t\t\t\t\t\t<div class=\"img-inner dark\" >\n\t\t\t<img width=\"683\" height=\"1024\" src=\"http:\/\/www.majlunddressage.dk\/wp-content\/uploads\/2024\/04\/435003894_349412378122673_2256661013258702474_n-1-683x1024.jpg\" class=\"attachment-large size-large\" alt=\"\" loading=\"lazy\" srcset=\"http:\/\/www.majlunddressage.dk\/wp-content\/uploads\/2024\/04\/435003894_349412378122673_2256661013258702474_n-1-683x1024.jpg 683w, http:\/\/www.majlunddressage.dk\/wp-content\/uploads\/2024\/04\/435003894_349412378122673_2256661013258702474_n-1-200x300.jpg 200w, http:\/\/www.majlunddressage.dk\/wp-content\/uploads\/2024\/04\/435003894_349412378122673_2256661013258702474_n-1-768x1152.jpg 768w, http:\/\/www.majlunddressage.dk\/wp-content\/uploads\/2024\/04\/435003894_349412378122673_2256661013258702474_n-1-1024x1536.jpg 1024w, http:\/\/www.majlunddressage.dk\/wp-content\/uploads\/2024\/04\/435003894_349412378122673_2256661013258702474_n-1.jpg 1067w\" sizes=\"(max-width: 683px) 100vw, 683px\" \/>\t\t\t\t\t\t\n\t\t\t\t\t<\/div>\n\t\t\t\t\t\t\t\t\n<style scope=\"scope\">\n\n#image_151570877 {\n  width: 100%;\n}\n<\/style>\n\t<\/div>\n\t\n\n\n<\/div><\/div>\n\n<\/div>\n<div class=\"row\"  id=\"row-938489314\">\n\n<div class=\"col medium-6 small-12 large-6\"  ><div class=\"col-inner\"  >\n\n\t<div class=\"img has-hover x md-x lg-x y md-y lg-y\" id=\"image_410642481\">\n\t\t\t\t\t\t\t\t<div class=\"img-inner dark\" >\n\t\t\t<img width=\"1020\" height=\"680\" src=\"http:\/\/www.majlunddressage.dk\/wp-content\/uploads\/2024\/04\/437045271_380029175016987_5126293846207201659_n-1024x683.jpg\" class=\"attachment-large size-large\" alt=\"\" loading=\"lazy\" srcset=\"http:\/\/www.majlunddressage.dk\/wp-content\/uploads\/2024\/04\/437045271_380029175016987_5126293846207201659_n-1024x683.jpg 1024w, http:\/\/www.majlunddressage.dk\/wp-content\/uploads\/2024\/04\/437045271_380029175016987_5126293846207201659_n-300x200.jpg 300w, http:\/\/www.majlunddressage.dk\/wp-content\/uploads\/2024\/04\/437045271_380029175016987_5126293846207201659_n-768x512.jpg 768w, http:\/\/www.majlunddressage.dk\/wp-content\/uploads\/2024\/04\/437045271_380029175016987_5126293846207201659_n.jpg 1125w\" sizes=\"(max-width: 1020px) 100vw, 1020px\" \/>\t\t\t\t\t\t\n\t\t\t\t\t<\/div>\n\t\t\t\t\t\t\t\t\n<style scope=\"scope\">\n\n#image_410642481 {\n  width: 100%;\n}\n<\/style>\n\t<\/div>\n\t\n\n\n<\/div><\/div>\n<div class=\"col medium-6 small-12 large-6\"  ><div class=\"col-inner\"  >\n\n\t<div class=\"img has-hover x md-x lg-x y md-y lg-y\" id=\"image_2035755341\">\n\t\t\t\t\t\t\t\t<div class=\"img-inner dark\" >\n\t\t\t<img width=\"1020\" height=\"680\" src=\"http:\/\/www.majlunddressage.dk\/wp-content\/uploads\/2024\/04\/434722541_888777072934717_4220325167089055018_n-1-1024x683.jpg\" class=\"attachment-large size-large\" alt=\"\" loading=\"lazy\" srcset=\"http:\/\/www.majlunddressage.dk\/wp-content\/uploads\/2024\/04\/434722541_888777072934717_4220325167089055018_n-1-1024x683.jpg 1024w, http:\/\/www.majlunddressage.dk\/wp-content\/uploads\/2024\/04\/434722541_888777072934717_4220325167089055018_n-1-300x200.jpg 300w, http:\/\/www.majlunddressage.dk\/wp-content\/uploads\/2024\/04\/434722541_888777072934717_4220325167089055018_n-1-768x512.jpg 768w, http:\/\/www.majlunddressage.dk\/wp-content\/uploads\/2024\/04\/434722541_888777072934717_4220325167089055018_n-1.jpg 1125w\" sizes=\"(max-width: 1020px) 100vw, 1020px\" \/>\t\t\t\t\t\t\n\t\t\t\t\t<\/div>\n\t\t\t\t\t\t\t\t\n<style scope=\"scope\">\n\n#image_2035755341 {\n  width: 100%;\n}\n<\/style>\n\t<\/div>\n\t\n\n\n<\/div><\/div>\n\n<\/div>\n<div class=\"is-divider divider clearfix\" style=\"max-width:0px;\"><\/div><!-- .divider -->\n\n\n\t\t<\/div><!-- .section-content -->\n\n\t\t\n<style scope=\"scope\">\n\n#section_1753363518 {\n  padding-top: 25px;\n  padding-bottom: 25px;\n  min-height: 300px;\n  background-color: rgb(239, 239, 239);\n}\n<\/style>\n\t<\/section>\n\t\n<p>\n\n","protected":false},"excerpt":{"rendered":"","protected":false},"author":1,"featured_media":0,"parent":0,"menu_order":0,"comment_status":"closed","ping_status":"closed","template":"","meta":[],"yoast_head":"<!-- This site is optimized with the Yoast SEO plugin v15.6.2 - https:\/\/yoast.com\/wordpress\/plugins\/seo\/ -->\n<title>Hingste - Majlund Dressage<\/title>\n<meta name=\"robots\" content=\"index, follow, max-snippet:-1, max-image-preview:large, max-video-preview:-1\" \/>\n<link rel=\"canonical\" href=\"http:\/\/www.majlunddressage.dk\/?page_id=618\" \/>\n<meta property=\"og:locale\" content=\"da_DK\" \/>\n<meta property=\"og:type\" content=\"article\" \/>\n<meta property=\"og:title\" content=\"Hingste - Majlund Dressage\" \/>\n<meta property=\"og:url\" content=\"http:\/\/www.majlunddressage.dk\/?page_id=618\" \/>\n<meta property=\"og:site_name\" content=\"Majlund Dressage\" \/>\n<meta property=\"article:modified_time\" content=\"2026-02-14T10:06:49+00:00\" \/>\n<meta name=\"twitter:card\" content=\"summary_large_image\" \/>\n<meta name=\"twitter:label1\" content=\"Est. reading time\">\n\t<meta name=\"twitter:data1\" content=\"3 minutter\">\n<script type=\"application\/ld+json\" class=\"yoast-schema-graph\">{\"@context\":\"https:\/\/schema.org\",\"@graph\":[{\"@type\":\"WebSite\",\"@id\":\"http:\/\/www.majlunddressage.dk\/#website\",\"url\":\"http:\/\/www.majlunddressage.dk\/\",\"name\":\"Majlund Dressage\",\"description\":\"Lundg&aring;rdsvej 55, 6760 Ribe\",\"potentialAction\":[{\"@type\":\"SearchAction\",\"target\":\"http:\/\/www.majlunddressage.dk\/?s={search_term_string}\",\"query-input\":\"required name=search_term_string\"}],\"inLanguage\":\"da-DK\"},{\"@type\":\"WebPage\",\"@id\":\"http:\/\/www.majlunddressage.dk\/?page_id=618#webpage\",\"url\":\"http:\/\/www.majlunddressage.dk\/?page_id=618\",\"name\":\"Hingste - Majlund Dressage\",\"isPartOf\":{\"@id\":\"http:\/\/www.majlunddressage.dk\/#website\"},\"datePublished\":\"2021-01-16T11:24:21+00:00\",\"dateModified\":\"2026-02-14T10:06:49+00:00\",\"inLanguage\":\"da-DK\",\"potentialAction\":[{\"@type\":\"ReadAction\",\"target\":[\"http:\/\/www.majlunddressage.dk\/?page_id=618\"]}]}]}<\/script>\n<!-- \/ Yoast SEO plugin. -->","_links":{"self":[{"href":"http:\/\/www.majlunddressage.dk\/index.php?rest_route=\/wp\/v2\/pages\/618"}],"collection":[{"href":"http:\/\/www.majlunddressage.dk\/index.php?rest_route=\/wp\/v2\/pages"}],"about":[{"href":"http:\/\/www.majlunddressage.dk\/index.php?rest_route=\/wp\/v2\/types\/page"}],"author":[{"embeddable":true,"href":"http:\/\/www.majlunddressage.dk\/index.php?rest_route=\/wp\/v2\/users\/1"}],"replies":[{"embeddable":true,"href":"http:\/\/www.majlunddressage.dk\/index.php?rest_route=%2Fwp%2Fv2%2Fcomments&post=618"}],"version-history":[{"count":50,"href":"http:\/\/www.majlunddressage.dk\/index.php?rest_route=\/wp\/v2\/pages\/618\/revisions"}],"predecessor-version":[{"id":948,"href":"http:\/\/www.majlunddressage.dk\/index.php?rest_route=\/wp\/v2\/pages\/618\/revisions\/948"}],"wp:attachment":[{"href":"http:\/\/www.majlunddressage.dk\/index.php?rest_route=%2Fwp%2Fv2%2Fmedia&parent=618"}],"curies":[{"name":"wp","href":"https:\/\/api.w.org\/{rel}","templated":true}]}}