{"id":622,"date":"2021-01-16T11:26:57","date_gmt":"2021-01-16T11:26:57","guid":{"rendered":"http:\/\/www.majlunddressage.dk\/?page_id=622"},"modified":"2026-02-14T10:50:07","modified_gmt":"2026-02-14T10:50:07","slug":"dressmann-majlund","status":"publish","type":"page","link":"http:\/\/www.majlunddressage.dk\/?page_id=622","title":{"rendered":"Akasia Majlund"},"content":{"rendered":"\n\t<section class=\"section\" id=\"section_1266073618\">\n\t\t<div class=\"bg section-bg fill bg-fill  bg-loaded\" >\n\n\t\t\t\n\t\t\t\n\t\t\t\n\t<div class=\"is-border\"\n\t\tstyle=\"border-color:rgb(235, 235, 235);border-width:1px 0px 0px 0px;\">\n\t<\/div>\n\n\t\t<\/div><!-- .section-bg -->\n\n\t\t<div class=\"section-content relative\">\n\t\t\t\n\n<div class=\"row row-large align-middle align-center\"  id=\"row-1378711487\">\n\n<div class=\"col medium-4 small-12 large-4\"  ><div class=\"col-inner\"  >\n\n\t<div class=\"img has-hover x md-x lg-x y md-y lg-y\" id=\"image_336934994\">\n\t\t\t\t\t\t\t\t<div class=\"img-inner dark\" >\n\t\t\t<img width=\"925\" height=\"600\" src=\"http:\/\/www.majlunddressage.dk\/wp-content\/uploads\/2026\/02\/621823805_25729255466728537_5987735171260194795_n.jpg\" class=\"attachment-large size-large\" alt=\"\" loading=\"lazy\" srcset=\"http:\/\/www.majlunddressage.dk\/wp-content\/uploads\/2026\/02\/621823805_25729255466728537_5987735171260194795_n.jpg 925w, http:\/\/www.majlunddressage.dk\/wp-content\/uploads\/2026\/02\/621823805_25729255466728537_5987735171260194795_n-300x195.jpg 300w, http:\/\/www.majlunddressage.dk\/wp-content\/uploads\/2026\/02\/621823805_25729255466728537_5987735171260194795_n-768x498.jpg 768w\" sizes=\"(max-width: 925px) 100vw, 925px\" \/>\t\t\t\t\t\t\n\t\t\t\t\t<\/div>\n\t\t\t\t\t\t\t\t\n<style scope=\"scope\">\n\n#image_336934994 {\n  width: 100%;\n}\n<\/style>\n\t<\/div>\n\t\n\n\n<\/div><\/div>\n<div class=\"col medium-4 small-12 large-4\"  ><div class=\"col-inner\" style=\"padding:15px 15px 15px 15px;\" >\n\n\t<div class=\"img has-hover x md-x lg-x y md-y lg-y\" id=\"image_1145830753\">\n\t\t\t\t\t\t\t\t<div class=\"img-inner image-cover dark\" style=\"padding-top:73%;\">\n\t\t\t<img width=\"1000\" height=\"750\" src=\"http:\/\/www.majlunddressage.dk\/wp-content\/uploads\/2026\/02\/Akasia.jpg\" class=\"attachment-original size-original\" alt=\"\" loading=\"lazy\" srcset=\"http:\/\/www.majlunddressage.dk\/wp-content\/uploads\/2026\/02\/Akasia.jpg 1000w, http:\/\/www.majlunddressage.dk\/wp-content\/uploads\/2026\/02\/Akasia-300x225.jpg 300w, http:\/\/www.majlunddressage.dk\/wp-content\/uploads\/2026\/02\/Akasia-768x576.jpg 768w\" sizes=\"(max-width: 1000px) 100vw, 1000px\" \/>\t\t\t\t\t\t\n\t\t\t\t\t<\/div>\n\t\t\t\t\t\t\t\t\n<style scope=\"scope\">\n\n#image_1145830753 {\n  width: 100%;\n}\n<\/style>\n\t<\/div>\n\t\n\n\n<\/div><\/div>\n<div class=\"col medium-4 small-12 large-4\"  ><div class=\"col-inner\"  >\n\n\t<div class=\"img has-hover x md-x lg-x y md-y lg-y\" id=\"image_113228337\">\n\t\t\t\t\t\t\t\t<div class=\"img-inner image-cover dark\" style=\"padding-top:193px;\">\n\t\t\t<img width=\"656\" height=\"1000\" src=\"http:\/\/www.majlunddressage.dk\/wp-content\/uploads\/2026\/02\/Akasia1.jpg\" class=\"attachment-large size-large\" alt=\"\" loading=\"lazy\" srcset=\"http:\/\/www.majlunddressage.dk\/wp-content\/uploads\/2026\/02\/Akasia1.jpg 656w, http:\/\/www.majlunddressage.dk\/wp-content\/uploads\/2026\/02\/Akasia1-197x300.jpg 197w\" sizes=\"(max-width: 656px) 100vw, 656px\" \/>\t\t\t\t\t\t\n\t\t\t\t\t<\/div>\n\t\t\t\t\t\t\t\t\n<style scope=\"scope\">\n\n#image_113228337 {\n  width: 70%;\n}\n<\/style>\n\t<\/div>\n\t\n\n\n<\/div><\/div>\n\n\n<style scope=\"scope\">\n\n<\/style>\n<\/div>\n<p><strong><a class=\"button is-outline white\" href=\"https:\/\/www.youtube.com\/watch?v=aCZPzTZNABo\">Tryk her for Video af Akasia Majlund<\/a><\/strong><\/p>\n\n\t\t<\/div><!-- .section-content -->\n\n\t\t\n<style scope=\"scope\">\n\n#section_1266073618 {\n  padding-top: 25px;\n  padding-bottom: 25px;\n  min-height: 300px;\n  background-color: rgb(239, 239, 239);\n}\n<\/style>\n\t<\/section>\n\t\n<p><strong><br \/>Akasia Majlund efter Ferdeaux\/Sezuan<\/strong><\/p>\n<div class=\"container section-title-container\" ><h3 class=\"section-title section-title-normal\"><b><\/b><span class=\"section-title-main\" style=\"color:rgb(0, 0, 0);\">Akasia Majlund<\/span><b><\/b><\/h3><\/div><!-- .section-title -->\n\n\t<section class=\"section\" id=\"section_1925106640\">\n\t\t<div class=\"bg section-bg fill bg-fill  bg-loaded\" >\n\n\t\t\t\n\t\t\t\n\t\t\t\n\t<div class=\"is-border\"\n\t\tstyle=\"border-color:rgb(235, 235, 235);border-width:1px 0px 0px 0px;\">\n\t<\/div>\n\n\t\t<\/div><!-- .section-bg -->\n\n\t\t<div class=\"section-content relative\">\n\t\t\t\n\n<div class=\"row\"  id=\"row-849826812\">\n\n<div class=\"col medium-4 small-12 large-4\"  ><div class=\"col-inner\"  >\n\n<p>Akasia Majlund er en 8-\u00e5rig hoppe efter Ferdeaux med Sezuan til morfar. Hun er en s\u00f8d, smuk og harmonisk hest med et fornuftigt sind og en positiv indstilling til arbejdet &#8211; hun fors\u00f8ger sit bedste under rytter.\n\nAkasia blev tilredet som 3-\u00e5rs helt uden problemer og deltog samme \u00e5r i sadelk\u00e5ring, hvor hun blev k\u00e5ret i RDS og modtog rigtig fine kommentarer fra dommerne. Kort tid efter blev hun solgt fra avler og har siden prim\u00e6rt v\u00e6ret anvendt som tur- og hyggehest, samt til let dressur. Hun har ikke v\u00e6ret redet meget p\u00e5 det seneste, men har til geng\u00e6ld v\u00e6ret vant til uderidning \u00e5ret rundt i al slags vejr og er rutineret i at k\u00f8re i trailer til og fra ridehus.\n.<\/p>\n\n<\/div><\/div>\n<div class=\"col medium-4 small-12 large-4\"  ><div class=\"col-inner text-center\"  >\n\n<p style=\"text-align: left;\">Af private \u00e5rsager er ejer desv\u00e6rre n\u00f8dsaget til at s\u00e6lge, og Akasia er derfor nu tilbage hos avler i ridning igen. Hun har v\u00e6ret p\u00e5begyndt genridning for ca. 2 uger siden. Der skal naturligvis l\u00e6gges lidt arbejde i at genopbygge styrke og balance, men hun fremst\u00e5r s\u00f8d, rar og samarbejdsvillig i arbejdet. Hun er selvg\u00e5ende og dejlig flytbar for schenklerne i sidebev\u00e6gelser.\n\nAkasia kan vises under rytter og pr\u00f8ves, med forst\u00e5else for, at hun er under genoptr\u00e6ning.\nDer findes video af Akasia som 3-\u00e5rs.\u00a0<\/p>\n\n<\/div><\/div>\n<div class=\"col medium-4 small-12 large-4\"  ><div class=\"col-inner\"  >\n\n<p>Som 3-\u00e5rs fik Akasia foretaget r\u00f8ntgen, hvor man fandt let t\u00e6tsiddende torntappe. Dette er vurderet helt uden klinisk betydning af to uafh\u00e6ngige dyrl\u00e6ger.\n\nI daglig h\u00e5ndtering er Akasia s\u00f8d, nem og uproblematisk. Hun kan dog stresse en smule ved opbinding, hvis man forlader hende p\u00e5 staldgangen.\n\nHer er muligheden for at erhverve sig en rigtig dejlig hoppe til fornuftige penge. <br>\nPrisen stiger naturligvis i takt med uddannelsen.<p>\n\nPris lige nu og her og ved en hurtig handel: 75.000 kr. <br>\n\nVed interesse kan i kontakte os pr. telefon 40275261<\/p>\n\n<\/div><\/div>\n\n<\/div>\n<div class=\"row\"  id=\"row-473184120\">\n\n<div class=\"col medium-5 small-12 large-5\"  ><div class=\"col-inner\"  >\n\n\n<\/div><\/div>\n<div class=\"col medium-2 small-12 large-2\"  ><div class=\"col-inner\"  >\n\n<a href=\"https:\/\/equinet.seges.dk\/ords\/prod\/f?p=1000:AFSTAMNING:185339496283124::NO:RP:P28_HEST_ID,P3_DETALJER:1402504%2C1\" target=\"_self\" class=\"button primary is-outline lowercase\"  >\n    <span>Afstamning<\/span>\n  <\/a>\n\n\n\n<\/div><\/div>\n<div class=\"col medium-5 small-12 large-5\"  ><div class=\"col-inner\"  >\n\n\n<\/div><\/div>\n\n<\/div>\n\n\t\t<\/div><!-- .section-content -->\n\n\t\t\n<style scope=\"scope\">\n\n#section_1925106640 {\n  padding-top: 60px;\n  padding-bottom: 60px;\n  min-height: 300px;\n  background-color: rgb(245, 245, 245);\n}\n<\/style>\n\t<\/section>\n\t\n<p>\n\n\n<p><\/p>\n<p><!-- \/wp:html --><\/p>","protected":false},"excerpt":{"rendered":"<p>Akasia Majlund efter Ferdeaux\/Sezuan<\/p>\n","protected":false},"author":1,"featured_media":0,"parent":0,"menu_order":0,"comment_status":"closed","ping_status":"closed","template":"","meta":[],"yoast_head":"<!-- This site is optimized with the Yoast SEO plugin v15.6.2 - https:\/\/yoast.com\/wordpress\/plugins\/seo\/ -->\n<title>Akasia Majlund - Majlund Dressage<\/title>\n<meta name=\"robots\" content=\"index, follow, max-snippet:-1, max-image-preview:large, max-video-preview:-1\" \/>\n<link rel=\"canonical\" href=\"http:\/\/www.majlunddressage.dk\/?page_id=622\" \/>\n<meta property=\"og:locale\" content=\"da_DK\" \/>\n<meta property=\"og:type\" content=\"article\" \/>\n<meta property=\"og:title\" content=\"Akasia Majlund - Majlund Dressage\" \/>\n<meta property=\"og:description\" content=\"Akasia Majlund efter Ferdeaux\/Sezuan\" \/>\n<meta property=\"og:url\" content=\"http:\/\/www.majlunddressage.dk\/?page_id=622\" \/>\n<meta property=\"og:site_name\" content=\"Majlund Dressage\" \/>\n<meta property=\"article:modified_time\" content=\"2026-02-14T10:50:07+00:00\" \/>\n<meta name=\"twitter:card\" content=\"summary_large_image\" \/>\n<meta name=\"twitter:label1\" content=\"Est. reading time\">\n\t<meta name=\"twitter:data1\" content=\"2 minutter\">\n<script type=\"application\/ld+json\" class=\"yoast-schema-graph\">{\"@context\":\"https:\/\/schema.org\",\"@graph\":[{\"@type\":\"WebSite\",\"@id\":\"http:\/\/www.majlunddressage.dk\/#website\",\"url\":\"http:\/\/www.majlunddressage.dk\/\",\"name\":\"Majlund Dressage\",\"description\":\"Lundg&aring;rdsvej 55, 6760 Ribe\",\"potentialAction\":[{\"@type\":\"SearchAction\",\"target\":\"http:\/\/www.majlunddressage.dk\/?s={search_term_string}\",\"query-input\":\"required name=search_term_string\"}],\"inLanguage\":\"da-DK\"},{\"@type\":\"WebPage\",\"@id\":\"http:\/\/www.majlunddressage.dk\/?page_id=622#webpage\",\"url\":\"http:\/\/www.majlunddressage.dk\/?page_id=622\",\"name\":\"Akasia Majlund - Majlund Dressage\",\"isPartOf\":{\"@id\":\"http:\/\/www.majlunddressage.dk\/#website\"},\"datePublished\":\"2021-01-16T11:26:57+00:00\",\"dateModified\":\"2026-02-14T10:50:07+00:00\",\"inLanguage\":\"da-DK\",\"potentialAction\":[{\"@type\":\"ReadAction\",\"target\":[\"http:\/\/www.majlunddressage.dk\/?page_id=622\"]}]}]}<\/script>\n<!-- \/ Yoast SEO plugin. -->","_links":{"self":[{"href":"http:\/\/www.majlunddressage.dk\/index.php?rest_route=\/wp\/v2\/pages\/622"}],"collection":[{"href":"http:\/\/www.majlunddressage.dk\/index.php?rest_route=\/wp\/v2\/pages"}],"about":[{"href":"http:\/\/www.majlunddressage.dk\/index.php?rest_route=\/wp\/v2\/types\/page"}],"author":[{"embeddable":true,"href":"http:\/\/www.majlunddressage.dk\/index.php?rest_route=\/wp\/v2\/users\/1"}],"replies":[{"embeddable":true,"href":"http:\/\/www.majlunddressage.dk\/index.php?rest_route=%2Fwp%2Fv2%2Fcomments&post=622"}],"version-history":[{"count":23,"href":"http:\/\/www.majlunddressage.dk\/index.php?rest_route=\/wp\/v2\/pages\/622\/revisions"}],"predecessor-version":[{"id":966,"href":"http:\/\/www.majlunddressage.dk\/index.php?rest_route=\/wp\/v2\/pages\/622\/revisions\/966"}],"wp:attachment":[{"href":"http:\/\/www.majlunddressage.dk\/index.php?rest_route=%2Fwp%2Fv2%2Fmedia&parent=622"}],"curies":[{"name":"wp","href":"https:\/\/api.w.org\/{rel}","templated":true}]}}