{"id":626,"date":"2021-01-16T11:28:24","date_gmt":"2021-01-16T11:28:24","guid":{"rendered":"http:\/\/www.majlunddressage.dk\/?page_id=626"},"modified":"2022-11-21T15:02:45","modified_gmt":"2022-11-21T15:02:45","slug":"duplin-majlund","status":"publish","type":"page","link":"http:\/\/www.majlunddressage.dk\/?page_id=626","title":{"rendered":"Duplin Majlund (SOLGT)"},"content":{"rendered":"\n\t<section class=\"section\" id=\"section_169988153\">\n\t\t<div class=\"bg section-bg fill bg-fill  bg-loaded\" >\n\n\t\t\t\n\t\t\t\n\t\t\t\n\t<div class=\"is-border\"\n\t\tstyle=\"border-color:rgb(235, 235, 235);border-width:1px 0px 0px 0px;\">\n\t<\/div>\n\n\t\t<\/div><!-- .section-bg -->\n\n\t\t<div class=\"section-content relative\">\n\t\t\t\n\n<div class=\"container section-title-container\" ><h3 class=\"section-title section-title-normal\"><b><\/b><span class=\"section-title-main\" style=\"color:rgb(0, 0, 0);\">Duplin Majlund<\/span><b><\/b><\/h3><\/div><!-- .section-title -->\n\n<div class=\"row row-large align-middle align-center\"  id=\"row-765746380\">\n\n<div class=\"col medium-5 small-12 large-5\"  ><div class=\"col-inner\" style=\"padding:15px 15px 15px 15px;\" >\n\n\t<div class=\"img has-hover x md-x lg-x y md-y lg-y\" id=\"image_1682178784\">\n\t\t\t\t\t\t\t\t<div class=\"img-inner image-cover dark\" style=\"padding-top:518px;\">\n\t\t\t<img width=\"526\" height=\"701\" src=\"http:\/\/www.majlunddressage.dk\/wp-content\/uploads\/2021\/12\/Duplin-000.jpg\" class=\"attachment-original size-original\" alt=\"\" loading=\"lazy\" srcset=\"http:\/\/www.majlunddressage.dk\/wp-content\/uploads\/2021\/12\/Duplin-000.jpg 526w, http:\/\/www.majlunddressage.dk\/wp-content\/uploads\/2021\/12\/Duplin-000-225x300.jpg 225w\" sizes=\"(max-width: 526px) 100vw, 526px\" \/>\t\t\t\t\t\t\n\t\t\t\t\t<\/div>\n\t\t\t\t\t\t\t\t\n<style scope=\"scope\">\n\n#image_1682178784 {\n  width: 100%;\n}\n<\/style>\n\t<\/div>\n\t\n\n\n<\/div><\/div>\n\n\n<style scope=\"scope\">\n\n<\/style>\n<\/div>\n<p><strong><a class=\"button is-outline white\" href=\"https:\/\/www.youtube.com\/watch?v=bDVuomzBDp8\">Tryk her for Video af Duplin Majlund<\/a><\/strong><\/p>\n\n\t\t<\/div><!-- .section-content -->\n\n\t\t\n<style scope=\"scope\">\n\n#section_169988153 {\n  padding-top: 25px;\n  padding-bottom: 25px;\n  min-height: 300px;\n  background-color: rgb(239, 239, 239);\n}\n<\/style>\n\t<\/section>\n\t\n<p><strong><br \/>Duplin Majlund efter Hesselh\u00f8js Donkey Boy\/Sir Donnerhall II<\/strong><\/p>\n\t<section class=\"section\" id=\"section_1823094467\">\n\t\t<div class=\"bg section-bg fill bg-fill  bg-loaded\" >\n\n\t\t\t\n\t\t\t\n\t\t\t\n\t<div class=\"is-border\"\n\t\tstyle=\"border-color:rgb(235, 235, 235);border-width:1px 0px 0px 0px;\">\n\t<\/div>\n\n\t\t<\/div><!-- .section-bg -->\n\n\t\t<div class=\"section-content relative\">\n\t\t\t\n\n<div class=\"row\"  id=\"row-1696528893\">\n\n<div class=\"col medium-4 small-12 large-4\"  ><div class=\"col-inner\"  >\n\n<p>Duplin Majlund er en utrolig smuk og velg\u00e5ende vallak fra \u00e5r 2018, med tre gode gangarter, hvor is\u00e6r traven skal fremh\u00e6ves. Han m\u00e5ler ca. 167 cm i stg.<\/p>\n\n<\/div><\/div>\n<div class=\"col medium-4 small-12 large-4\"  ><div class=\"col-inner text-center\"  >\n\n<p style=\"text-align: left;\">Bouquet Majlund, mor til Duplin Majlund blev nr. 4 i unghestechampionatet i Norge i \u00e5r 2019.<\/p>\n\n<\/div><\/div>\n<div class=\"col medium-4 small-12 large-4\"  ><div class=\"col-inner\"  >\n\n<p>Er under tilridning.<\/p>\n<p>Prisen stiger i takt med uddannelsen.\u00a0<\/p>\n\n<\/div><\/div>\n\n<\/div>\n<div class=\"row\"  id=\"row-767607037\">\n\n<div class=\"col medium-5 small-12 large-5\"  ><div class=\"col-inner\"  >\n\n\n<\/div><\/div>\n<div class=\"col medium-2 small-12 large-2\"  ><div class=\"col-inner\"  >\n\n<a href=\"https:\/\/equinet.seges.dk\/ords\/prod\/f?p=1000:AFSTAMNING:485525869005555::NO:RP:P28_HEST_ID,P3_DETALJER:1412498%2C1\" target=\"_self\" class=\"button primary is-outline lowercase\"  >\n    <span>Afstamning<\/span>\n  <\/a>\n\n\n\n<\/div><\/div>\n<div class=\"col medium-5 small-12 large-5\"  ><div class=\"col-inner\"  >\n\n\n<\/div><\/div>\n\n<\/div>\n\n\t\t<\/div><!-- .section-content -->\n\n\t\t\n<style scope=\"scope\">\n\n#section_1823094467 {\n  padding-top: 60px;\n  padding-bottom: 60px;\n  min-height: 300px;\n  background-color: rgb(245, 245, 245);\n}\n<\/style>\n\t<\/section>\n\t\n<p>\n\n\n<p><\/p>\n<p><!-- \/wp:html --><\/p>","protected":false},"excerpt":{"rendered":"<p>Duplin Majlund efter Hesselh\u00f8js Donkey Boy\/Sir Donnerhall II<\/p>\n","protected":false},"author":1,"featured_media":0,"parent":0,"menu_order":0,"comment_status":"closed","ping_status":"closed","template":"","meta":[],"yoast_head":"<!-- This site is optimized with the Yoast SEO plugin v15.6.2 - https:\/\/yoast.com\/wordpress\/plugins\/seo\/ -->\n<title>Duplin Majlund (SOLGT) - Majlund Dressage<\/title>\n<meta name=\"robots\" content=\"index, follow, max-snippet:-1, max-image-preview:large, max-video-preview:-1\" \/>\n<link rel=\"canonical\" href=\"http:\/\/www.majlunddressage.dk\/?page_id=626\" \/>\n<meta property=\"og:locale\" content=\"da_DK\" \/>\n<meta property=\"og:type\" content=\"article\" \/>\n<meta property=\"og:title\" content=\"Duplin Majlund (SOLGT) - Majlund Dressage\" \/>\n<meta property=\"og:description\" content=\"Duplin Majlund efter Hesselh\u00f8js Donkey Boy\/Sir Donnerhall II\" \/>\n<meta property=\"og:url\" content=\"http:\/\/www.majlunddressage.dk\/?page_id=626\" \/>\n<meta property=\"og:site_name\" content=\"Majlund Dressage\" \/>\n<meta property=\"article:modified_time\" content=\"2022-11-21T15:02:45+00:00\" \/>\n<meta name=\"twitter:card\" content=\"summary_large_image\" \/>\n<meta name=\"twitter:label1\" content=\"Est. reading time\">\n\t<meta name=\"twitter:data1\" content=\"1 minut\">\n<script type=\"application\/ld+json\" class=\"yoast-schema-graph\">{\"@context\":\"https:\/\/schema.org\",\"@graph\":[{\"@type\":\"WebSite\",\"@id\":\"https:\/\/www.majlunddressage.dk\/#website\",\"url\":\"https:\/\/www.majlunddressage.dk\/\",\"name\":\"Majlund Dressage\",\"description\":\"Lundg&aring;rdsvej 55, 6760 Ribe\",\"potentialAction\":[{\"@type\":\"SearchAction\",\"target\":\"https:\/\/www.majlunddressage.dk\/?s={search_term_string}\",\"query-input\":\"required name=search_term_string\"}],\"inLanguage\":\"da-DK\"},{\"@type\":\"WebPage\",\"@id\":\"http:\/\/www.majlunddressage.dk\/?page_id=626#webpage\",\"url\":\"http:\/\/www.majlunddressage.dk\/?page_id=626\",\"name\":\"Duplin Majlund (SOLGT) - Majlund Dressage\",\"isPartOf\":{\"@id\":\"https:\/\/www.majlunddressage.dk\/#website\"},\"datePublished\":\"2021-01-16T11:28:24+00:00\",\"dateModified\":\"2022-11-21T15:02:45+00:00\",\"inLanguage\":\"da-DK\",\"potentialAction\":[{\"@type\":\"ReadAction\",\"target\":[\"http:\/\/www.majlunddressage.dk\/?page_id=626\"]}]}]}<\/script>\n<!-- \/ Yoast SEO plugin. -->","_links":{"self":[{"href":"http:\/\/www.majlunddressage.dk\/index.php?rest_route=\/wp\/v2\/pages\/626"}],"collection":[{"href":"http:\/\/www.majlunddressage.dk\/index.php?rest_route=\/wp\/v2\/pages"}],"about":[{"href":"http:\/\/www.majlunddressage.dk\/index.php?rest_route=\/wp\/v2\/types\/page"}],"author":[{"embeddable":true,"href":"http:\/\/www.majlunddressage.dk\/index.php?rest_route=\/wp\/v2\/users\/1"}],"replies":[{"embeddable":true,"href":"http:\/\/www.majlunddressage.dk\/index.php?rest_route=%2Fwp%2Fv2%2Fcomments&post=626"}],"version-history":[{"count":10,"href":"http:\/\/www.majlunddressage.dk\/index.php?rest_route=\/wp\/v2\/pages\/626\/revisions"}],"predecessor-version":[{"id":797,"href":"http:\/\/www.majlunddressage.dk\/index.php?rest_route=\/wp\/v2\/pages\/626\/revisions\/797"}],"wp:attachment":[{"href":"http:\/\/www.majlunddressage.dk\/index.php?rest_route=%2Fwp%2Fv2%2Fmedia&parent=626"}],"curies":[{"name":"wp","href":"https:\/\/api.w.org\/{rel}","templated":true}]}}