{"id":630,"date":"2021-01-16T11:29:54","date_gmt":"2021-01-16T11:29:54","guid":{"rendered":"http:\/\/www.majlunddressage.dk\/?page_id=630"},"modified":"2021-01-16T14:39:39","modified_gmt":"2021-01-16T14:39:39","slug":"job","status":"publish","type":"page","link":"http:\/\/www.majlunddressage.dk\/?page_id=630","title":{"rendered":"Job"},"content":{"rendered":"\n<div class=\"row\"  id=\"row-1602122232\">\n\n<div class=\"col medium-9 small-12 large-9\"  ><div class=\"col-inner\"  >\n\n\t<div id=\"gap-207989872\" class=\"gap-element clearfix\" style=\"display:block; height:auto;\">\n\t\t\n<style scope=\"scope\">\n\n#gap-207989872 {\n  padding-top: 30px;\n}\n<\/style>\n\t<\/div>\n\t\n\n<p class=\"uppercase\"><strong>Hos Majlund Dressage s\u00f8ger vi l\u00f8bende medarbejdere til vores ridefysioterapi-afdeling<\/strong><\/p>\n<p>P\u00e5 Majlund Dressage afholder vi ridefysioterapi mandag til torsdag hver uge, hertil s\u00f8ger vi l\u00f8bende nye medarbejdere og frivillige hj\u00e6lpere.\u00a0<\/p>\n<p>Er du 13 \u00e5r eller derover og har interesse for at hj\u00e6lpe andre, kan det v\u00e6re dig vi s\u00f8ger. Du kan l\u00e6se mere om ridefysioterapi under fanen \u00f8verst p\u00e5 siden.\u00a0<\/p>\n<p>Arbejdet best\u00e5r af:<\/p>\n<ul>\n<li>Op- og afsadling af heste.<\/li>\n<li>Soignering af heste.<\/li>\n<li>Tr\u00e6kke heste til og fra fold.<\/li>\n<li>Tr\u00e6kke hest med rytter p\u00e5.\u00a0\u00a0<\/li>\n<\/ul>\n<p>Krav til dig:<\/p>\n<ul>\n<li>Du skal v\u00e6re 13 \u00e5r eller derover.<\/li>\n<li>Du m\u00e5 ikke v\u00e6re bange for heste.<\/li>\n<li>Du skal kunne fungere godt med andre mennesker.<\/li>\n<li>Det er underordnet, om du g\u00e5r i skole, er pensionist, i fleksjob eller lignende.<\/li>\n<li>Du skal som minimum kunne arbejde 2 sammenh\u00e6ngende timer i ugen.<br \/><br \/><\/li>\n<\/ul>\n<p>Der er mulighed for opl\u00e6ring ved start, hvis der er behov for dette.<\/p>\n<p>Ved interesse, da kontakt Annika Pag\u00e5rd pr. tlf.: 40 27 52 61<\/p>\n\n\n<\/div><\/div>\n<div class=\"col medium-3 small-12 large-3\"  ><div class=\"col-inner\"  >\n\n\t<div class=\"img has-hover x md-x lg-x y md-y lg-y\" id=\"image_2092574150\">\n\t\t\t\t\t\t\t\t<div class=\"img-inner dark\" >\n\t\t\t<img width=\"580\" height=\"509\" src=\"http:\/\/www.majlunddressage.dk\/wp-content\/uploads\/2021\/01\/Job.jpg\" class=\"attachment-large size-large\" alt=\"\" loading=\"lazy\" srcset=\"http:\/\/www.majlunddressage.dk\/wp-content\/uploads\/2021\/01\/Job.jpg 580w, http:\/\/www.majlunddressage.dk\/wp-content\/uploads\/2021\/01\/Job-300x263.jpg 300w\" sizes=\"(max-width: 580px) 100vw, 580px\" \/>\t\t\t\t\t\t\n\t\t\t\t\t<\/div>\n\t\t\t\t\t\t\t\t\n<style scope=\"scope\">\n\n#image_2092574150 {\n  width: 100%;\n}\n<\/style>\n\t<\/div>\n\t\n\n\n<\/div><\/div>\n\n<\/div>\n\n","protected":false},"excerpt":{"rendered":"","protected":false},"author":1,"featured_media":0,"parent":0,"menu_order":0,"comment_status":"closed","ping_status":"closed","template":"","meta":[],"yoast_head":"<!-- This site is optimized with the Yoast SEO plugin v15.6.2 - https:\/\/yoast.com\/wordpress\/plugins\/seo\/ -->\n<title>Job - Majlund Dressage<\/title>\n<meta name=\"robots\" content=\"index, follow, max-snippet:-1, max-image-preview:large, max-video-preview:-1\" \/>\n<link rel=\"canonical\" href=\"http:\/\/www.majlunddressage.dk\/?page_id=630\" \/>\n<meta property=\"og:locale\" content=\"da_DK\" \/>\n<meta property=\"og:type\" content=\"article\" \/>\n<meta property=\"og:title\" content=\"Job - Majlund Dressage\" \/>\n<meta property=\"og:url\" content=\"http:\/\/www.majlunddressage.dk\/?page_id=630\" \/>\n<meta property=\"og:site_name\" content=\"Majlund Dressage\" \/>\n<meta property=\"article:modified_time\" content=\"2021-01-16T14:39:39+00:00\" \/>\n<meta name=\"twitter:card\" content=\"summary_large_image\" \/>\n<meta name=\"twitter:label1\" content=\"Est. reading time\">\n\t<meta name=\"twitter:data1\" content=\"1 minut\">\n<script type=\"application\/ld+json\" class=\"yoast-schema-graph\">{\"@context\":\"https:\/\/schema.org\",\"@graph\":[{\"@type\":\"WebSite\",\"@id\":\"http:\/\/www.majlunddressage.dk\/#website\",\"url\":\"http:\/\/www.majlunddressage.dk\/\",\"name\":\"Majlund Dressage\",\"description\":\"Lundg&aring;rdsvej 55, 6760 Ribe\",\"potentialAction\":[{\"@type\":\"SearchAction\",\"target\":\"http:\/\/www.majlunddressage.dk\/?s={search_term_string}\",\"query-input\":\"required name=search_term_string\"}],\"inLanguage\":\"da-DK\"},{\"@type\":\"WebPage\",\"@id\":\"http:\/\/www.majlunddressage.dk\/?page_id=630#webpage\",\"url\":\"http:\/\/www.majlunddressage.dk\/?page_id=630\",\"name\":\"Job - Majlund Dressage\",\"isPartOf\":{\"@id\":\"http:\/\/www.majlunddressage.dk\/#website\"},\"datePublished\":\"2021-01-16T11:29:54+00:00\",\"dateModified\":\"2021-01-16T14:39:39+00:00\",\"inLanguage\":\"da-DK\",\"potentialAction\":[{\"@type\":\"ReadAction\",\"target\":[\"http:\/\/www.majlunddressage.dk\/?page_id=630\"]}]}]}<\/script>\n<!-- \/ Yoast SEO plugin. -->","_links":{"self":[{"href":"http:\/\/www.majlunddressage.dk\/index.php?rest_route=\/wp\/v2\/pages\/630"}],"collection":[{"href":"http:\/\/www.majlunddressage.dk\/index.php?rest_route=\/wp\/v2\/pages"}],"about":[{"href":"http:\/\/www.majlunddressage.dk\/index.php?rest_route=\/wp\/v2\/types\/page"}],"author":[{"embeddable":true,"href":"http:\/\/www.majlunddressage.dk\/index.php?rest_route=\/wp\/v2\/users\/1"}],"replies":[{"embeddable":true,"href":"http:\/\/www.majlunddressage.dk\/index.php?rest_route=%2Fwp%2Fv2%2Fcomments&post=630"}],"version-history":[{"count":8,"href":"http:\/\/www.majlunddressage.dk\/index.php?rest_route=\/wp\/v2\/pages\/630\/revisions"}],"predecessor-version":[{"id":679,"href":"http:\/\/www.majlunddressage.dk\/index.php?rest_route=\/wp\/v2\/pages\/630\/revisions\/679"}],"wp:attachment":[{"href":"http:\/\/www.majlunddressage.dk\/index.php?rest_route=%2Fwp%2Fv2%2Fmedia&parent=630"}],"curies":[{"name":"wp","href":"https:\/\/api.w.org\/{rel}","templated":true}]}}