{"id":632,"date":"2021-01-16T11:30:20","date_gmt":"2021-01-16T11:30:20","guid":{"rendered":"http:\/\/www.majlunddressage.dk\/?page_id=632"},"modified":"2021-03-21T16:13:00","modified_gmt":"2021-03-21T16:13:00","slug":"samarbejdspartnere","status":"publish","type":"page","link":"http:\/\/www.majlunddressage.dk\/?page_id=632","title":{"rendered":"Samarbejdspartnere"},"content":{"rendered":"\n<div class=\"row\"  id=\"row-873519780\">\n\n<div class=\"col medium-7 small-12 large-7\"  ><div class=\"col-inner\"  >\n\n<h1><span style=\"font-size: 100%;\"><strong>Samarbejdspartnere<\/strong><\/span><\/h1>\n<p>Majlund Dressage er i et aktivt t\u00e6t samarbejde med flere parter, heriblandt <strong>Kohlschmidt Dressage<\/strong>, Maik og Malene Kohlschmidt. Maik og Malene er begge internationale dressurryttere med en utrolig disciplin og ikke mindst en god og sund tilgang til hestene.<br \/>Samarbejdet omfatter ikke alene uddannelse af heste, men ogs\u00e5 muligheden for at henvende sig til nye markeder gennem samarbejdspartnerne, samt ikke mindst sparring og udvikling indenfor branchen.<br \/>Malene Kohlschmidt afl\u00e6gger Majlund Dressage et bes\u00f8g ca. 1 gang i m\u00e5neden, hvor hun ligeledes tilbyder dressurundervisning.\u00a0<\/p>\n<p>Samarbejdet med Kohlschmidt Dressage startede i \u00e5r 2020. Vi er henrykte over, at Malene og Maik valgte at takke ja til at indlede et samarbejde med os.<\/p>\n<p>Maik og Malene er bosiddende i Viuf i Midtjylland p\u00e5 stedet Kohlschmidt Dressage, som bl.a. fungerer som tr\u00e6nings- og salgsstald.\u00a0<\/p>\n\n<\/div><\/div>\n<div class=\"col medium-1 small-12 large-1\"  ><div class=\"col-inner\"  >\n\n\n<\/div><\/div>\n<div class=\"col medium-4 small-12 large-4\"  ><div class=\"col-inner\"  >\n\n<div class=\"is-divider divider clearfix\" style=\"height:50px;background-color:rgb(255, 255, 255);\"><\/div><!-- .divider -->\n\n\t<div class=\"img has-hover x md-x lg-x y md-y lg-y\" id=\"image_1703186849\">\n\t\t\t\t\t\t\t\t<div class=\"img-inner box-shadow-3 dark\" >\n\t\t\t<img width=\"960\" height=\"792\" src=\"http:\/\/www.majlunddressage.dk\/wp-content\/uploads\/2021\/03\/Kohlscmidt-Dressage-3.jpg\" class=\"attachment-large size-large\" alt=\"\" loading=\"lazy\" srcset=\"http:\/\/www.majlunddressage.dk\/wp-content\/uploads\/2021\/03\/Kohlscmidt-Dressage-3.jpg 960w, http:\/\/www.majlunddressage.dk\/wp-content\/uploads\/2021\/03\/Kohlscmidt-Dressage-3-300x248.jpg 300w, http:\/\/www.majlunddressage.dk\/wp-content\/uploads\/2021\/03\/Kohlscmidt-Dressage-3-768x634.jpg 768w\" sizes=\"(max-width: 960px) 100vw, 960px\" \/>\t\t\t\t\t\t\n\t\t\t\t\t<\/div>\n\t\t\t\t\t\t\t\t\n<style scope=\"scope\">\n\n#image_1703186849 {\n  width: 100%;\n}\n<\/style>\n\t<\/div>\n\t\n\n\n<\/div><\/div>\n\n<\/div>\n<div class=\"is-divider divider clearfix\" style=\"background-color:rgb(255, 255, 255);\"><\/div><!-- .divider -->\n\n<div class=\"row\"  id=\"row-229610073\">\n\n<div class=\"col medium-7 small-12 large-7\"  ><div class=\"col-inner\"  >\n\n<p>I \u00e5r 2021 kunne Majlund Dressage byde velkommen til endnu en fantastisk dygtig dressurrytter, som samarbejdspartner &#8211; <strong>Stine D\u00f8ssing<\/strong>.<\/p>\n<div dir=\"auto\">Stine D\u00f8ssing er 33 \u00e5r og bosiddende i Vodskov hvor hun driver SD Dressage. Stine begyndte at ride da hun var 10 \u00e5r gammel. Som ponyrytter, har Stine redet p\u00e5 landsplan og startet ved DM. Som junior- og youngrider har hun redet flere store mesterskaber b.la. ECCO Cup.<\/div>\n<div dir=\"auto\">I Stines senior \u00e5r har hun gjort meget i uddannelse og tilridning af unge heste. Her har hun haft stor succes og b.la. deltaget ved unghestechampionaterne hvor hun red med i finalen. Derudover har hun deltaget ved Falsterbo Horse Show og UVM i Verden.<\/div>\n<div dir=\"auto\">Efter UVM fik Stine muligheden for at komme op til Helgstrand Dressage, hvor hun prim\u00e6rt red de unge heste i ca. \u00bd \u00e5r.<\/div>\n<div dir=\"auto\">\u00a0<\/div>\n<div dir=\"auto\">Vi er meget glade og taknemmelige for vores nye samarbejde med Stine og gl\u00e6der os til at se hvad fremtiden vil bringe.<\/div>\n\n<\/div><\/div>\n<div class=\"col medium-1 small-12 large-1\"  ><div class=\"col-inner\"  >\n\n\n<\/div><\/div>\n<div class=\"col medium-4 small-12 large-4\"  ><div class=\"col-inner\"  >\n\n<div class=\"is-divider divider clearfix\" style=\"height:21px;background-color:rgb(255, 255, 255);\"><\/div><!-- .divider -->\n\n\t<div class=\"img has-hover x md-x lg-x y md-y lg-y\" id=\"image_800216064\">\n\t\t\t\t\t\t\t\t<div class=\"img-inner box-shadow-3 dark\" >\n\t\t\t<img width=\"800\" height=\"598\" src=\"http:\/\/www.majlunddressage.dk\/wp-content\/uploads\/2021\/03\/Stine-Doessing.jpg\" class=\"attachment-large size-large\" alt=\"\" loading=\"lazy\" srcset=\"http:\/\/www.majlunddressage.dk\/wp-content\/uploads\/2021\/03\/Stine-Doessing.jpg 800w, http:\/\/www.majlunddressage.dk\/wp-content\/uploads\/2021\/03\/Stine-Doessing-300x224.jpg 300w, http:\/\/www.majlunddressage.dk\/wp-content\/uploads\/2021\/03\/Stine-Doessing-768x574.jpg 768w\" sizes=\"(max-width: 800px) 100vw, 800px\" \/>\t\t\t\t\t\t\n\t\t\t\t\t<\/div>\n\t\t\t\t\t\t\t\t\n<style scope=\"scope\">\n\n#image_800216064 {\n  width: 100%;\n}\n<\/style>\n\t<\/div>\n\t\n\n\n<\/div><\/div>\n\n<\/div>\n<div class=\"is-divider divider clearfix\" style=\"background-color:rgb(255, 255, 255);\"><\/div><!-- .divider -->\n\n<div class=\"row\"  id=\"row-1163498380\">\n\n<div class=\"col medium-7 small-12 large-7\"  ><div class=\"col-inner\"  >\n\n<p><strong>Alberte Dahl Mikkelsen\u00a0<\/strong>har v\u00e6ret en del af teamet bag Majlund Dressage, som samarbejdspartner siden sine unge pony\u00e5r. Alberte har siden \u00e5r 2014 tr\u00e6net og redet flere heste fra Majlund Dressage.\u00a0<br \/>Alberte er en fantastisk dygtig rytter indenfor b\u00e5de spring og dressur og har igennem \u00e5rene udvist stor disciplin, ansvarsf\u00f8lelse og ikke mindst motivation og drive. Hun er en kompetent rytter med en s\u00e6rdeles god og sund tilgang til hestene.\u00a0<br \/>Alberte har i sine unge pony\u00e5r bl.a. startet PRI, PRT og PRM p\u00e5 Kj\u00e6r&#8217;s Calderina med yderst tilfredsstillende resultater, som vi er meget stolte over. Alberte har nu afsluttet sine pony\u00e5r og er overg\u00e5et til hest, og rider i \u00f8jeblikket bl.a. Roch\u00e9 Majlund. Til trods for Roch\u00e9&#8217;s store gang har equipagen allerede vist sig fra en fremragende side p\u00e5 st\u00e6vnepladserne.\u00a0<\/p>\n<p>Vi er meget glade og stolte over samarbejdet med Alberthe og er ikke mindst taknemmelige for den store for\u00e6ldreopbakning og st\u00f8tte Alberte har. Vi gl\u00e6der os og ser frem til mange flere \u00e5r endnu.\u00a0<\/p>\n\n<\/div><\/div>\n<div class=\"col medium-1 small-12 large-1\"  ><div class=\"col-inner\"  >\n\n\n<\/div><\/div>\n<div class=\"col medium-4 small-12 large-4\"  ><div class=\"col-inner\"  >\n\n<div class=\"is-divider divider clearfix\" style=\"height:40px;background-color:rgb(255, 255, 255);\"><\/div><!-- .divider -->\n\n\t<div class=\"img has-hover x md-x lg-x y md-y lg-y\" id=\"image_809113851\">\n\t\t\t\t\t\t\t\t<div class=\"img-inner box-shadow-3 dark\" >\n\t\t\t<img width=\"1020\" height=\"742\" src=\"http:\/\/www.majlunddressage.dk\/wp-content\/uploads\/2021\/03\/Alberte-1024x745.jpg\" class=\"attachment-large size-large\" alt=\"\" loading=\"lazy\" srcset=\"http:\/\/www.majlunddressage.dk\/wp-content\/uploads\/2021\/03\/Alberte-1024x745.jpg 1024w, http:\/\/www.majlunddressage.dk\/wp-content\/uploads\/2021\/03\/Alberte-300x218.jpg 300w, http:\/\/www.majlunddressage.dk\/wp-content\/uploads\/2021\/03\/Alberte-768x559.jpg 768w, http:\/\/www.majlunddressage.dk\/wp-content\/uploads\/2021\/03\/Alberte.jpg 1125w\" sizes=\"(max-width: 1020px) 100vw, 1020px\" \/>\t\t\t\t\t\t\n\t\t\t\t\t<\/div>\n\t\t\t\t\t\t\t\t\n<style scope=\"scope\">\n\n#image_809113851 {\n  width: 100%;\n}\n<\/style>\n\t<\/div>\n\t\n\n\n<\/div><\/div>\n\n<\/div>\n\n","protected":false},"excerpt":{"rendered":"","protected":false},"author":1,"featured_media":0,"parent":0,"menu_order":0,"comment_status":"closed","ping_status":"closed","template":"","meta":[],"yoast_head":"<!-- This site is optimized with the Yoast SEO plugin v15.6.2 - https:\/\/yoast.com\/wordpress\/plugins\/seo\/ -->\n<title>Samarbejdspartnere - Majlund Dressage<\/title>\n<meta name=\"robots\" content=\"index, follow, max-snippet:-1, max-image-preview:large, max-video-preview:-1\" \/>\n<link rel=\"canonical\" href=\"https:\/\/www.majlunddressage.dk\/?page_id=632\" \/>\n<meta property=\"og:locale\" content=\"da_DK\" \/>\n<meta property=\"og:type\" content=\"article\" \/>\n<meta property=\"og:title\" content=\"Samarbejdspartnere - Majlund Dressage\" \/>\n<meta property=\"og:url\" content=\"https:\/\/www.majlunddressage.dk\/?page_id=632\" \/>\n<meta property=\"og:site_name\" content=\"Majlund Dressage\" \/>\n<meta property=\"article:modified_time\" content=\"2021-03-21T16:13:00+00:00\" \/>\n<meta name=\"twitter:card\" content=\"summary_large_image\" \/>\n<meta name=\"twitter:label1\" content=\"Est. reading time\">\n\t<meta name=\"twitter:data1\" content=\"3 minutter\">\n<script type=\"application\/ld+json\" class=\"yoast-schema-graph\">{\"@context\":\"https:\/\/schema.org\",\"@graph\":[{\"@type\":\"WebSite\",\"@id\":\"http:\/\/www.majlunddressage.dk\/#website\",\"url\":\"http:\/\/www.majlunddressage.dk\/\",\"name\":\"Majlund Dressage\",\"description\":\"Lundg&aring;rdsvej 55, 6760 Ribe\",\"potentialAction\":[{\"@type\":\"SearchAction\",\"target\":\"http:\/\/www.majlunddressage.dk\/?s={search_term_string}\",\"query-input\":\"required name=search_term_string\"}],\"inLanguage\":\"da-DK\"},{\"@type\":\"WebPage\",\"@id\":\"https:\/\/www.majlunddressage.dk\/?page_id=632#webpage\",\"url\":\"https:\/\/www.majlunddressage.dk\/?page_id=632\",\"name\":\"Samarbejdspartnere - Majlund Dressage\",\"isPartOf\":{\"@id\":\"http:\/\/www.majlunddressage.dk\/#website\"},\"datePublished\":\"2021-01-16T11:30:20+00:00\",\"dateModified\":\"2021-03-21T16:13:00+00:00\",\"inLanguage\":\"da-DK\",\"potentialAction\":[{\"@type\":\"ReadAction\",\"target\":[\"https:\/\/www.majlunddressage.dk\/?page_id=632\"]}]}]}<\/script>\n<!-- \/ Yoast SEO plugin. -->","_links":{"self":[{"href":"http:\/\/www.majlunddressage.dk\/index.php?rest_route=\/wp\/v2\/pages\/632"}],"collection":[{"href":"http:\/\/www.majlunddressage.dk\/index.php?rest_route=\/wp\/v2\/pages"}],"about":[{"href":"http:\/\/www.majlunddressage.dk\/index.php?rest_route=\/wp\/v2\/types\/page"}],"author":[{"embeddable":true,"href":"http:\/\/www.majlunddressage.dk\/index.php?rest_route=\/wp\/v2\/users\/1"}],"replies":[{"embeddable":true,"href":"http:\/\/www.majlunddressage.dk\/index.php?rest_route=%2Fwp%2Fv2%2Fcomments&post=632"}],"version-history":[{"count":15,"href":"http:\/\/www.majlunddressage.dk\/index.php?rest_route=\/wp\/v2\/pages\/632\/revisions"}],"predecessor-version":[{"id":752,"href":"http:\/\/www.majlunddressage.dk\/index.php?rest_route=\/wp\/v2\/pages\/632\/revisions\/752"}],"wp:attachment":[{"href":"http:\/\/www.majlunddressage.dk\/index.php?rest_route=%2Fwp%2Fv2%2Fmedia&parent=632"}],"curies":[{"name":"wp","href":"https:\/\/api.w.org\/{rel}","templated":true}]}}