{"id":49,"date":"2020-10-05T10:32:47","date_gmt":"2020-10-05T10:32:47","guid":{"rendered":"http:\/\/www.majlunddressage.dk\/?page_id=49"},"modified":"2026-04-19T15:45:37","modified_gmt":"2026-04-19T15:45:37","slug":"forsiden","status":"publish","type":"page","link":"https:\/\/www.majlunddressage.dk\/?page_id=49","title":{"rendered":"Leje af hestetrailer"},"content":{"rendered":"\n\t<section class=\"section\" id=\"section_1815172058\">\n\t\t<div class=\"bg section-bg fill bg-fill  bg-loaded\" >\n\n\t\t\t\n\t\t\t<div class=\"section-bg-overlay absolute fill\"><\/div>\n\t\t\t\n\n\t\t<\/div><!-- .section-bg -->\n\n\t\t<div class=\"section-content relative\">\n\t\t\t\n\n<div class=\"row row-large\"  id=\"row-112950146\">\n\n<div class=\"col medium-8 small-12 large-8\"  ><div class=\"col-inner text-left\"  >\n\n<p><b>LEJE AF HESTETRAILER <\/b><\/p>\n<p>Har du brug for at leje en hestetrailer, i en kortere eller l\u00e6ngere periode? <\/p>\n<p>S\u00e5 har du muligheden for at leje en hestetrailer af os. Vi tilbyder en rummelig og solid trailer, med sadelskab og plads til to heste, for kun 250 kr. pr. dag.<\/p>\n<p><b> Yderligere information om hestetraileren:<\/b><\/p>\n<p> Totalv\u00e6gt: 2400 kg<br \/> Lasteevne: 1625 kg<br \/>Egenv\u00e6gt: 775 kg<\/p>\n<p>Det er vigtigt at du er sikker p\u00e5, at din bil m\u00e5 tr\u00e6kke hestetraileren. Til dette form\u00e5l, vil vi anbefale, at benytte <a href= https:\/\/fdm.dk\/beregnere\/trailer-campingvogn> FDM&#8217;s hj\u00e6lpsomme beregner <\/a><\/p>\n<p> <B>Betingelser for leje af hestetrailer hos os: <\/b> <br \/>\nI forbindelse med l\u00e5n af enhestetrailer er det vigtigt, at du forholder dig til de givne lejebetingelser.\n<\/p>\n<p>Det inkluderer: <\/p>\n<p>&#8211; Reng\u00f8r hestetraileren indvendig som udvendig inden aflevering, s\u00e5 den er klar til n\u00e6ste lejer.<\/p>\n<p>&#8211; Trailere skal afleveres i samme stand som ved modtagelsen.<\/p>\n<p>&#8211; Eventuelle skader vil blive p\u00e5lagt lejen.<\/p>\n<p>&#8211; Eventuelle f\u00f8lger i forbindelse med ulovlig p\u00e5sp\u00e6nding m.v. vil udelukkende ske for lejers regning og risiko.<\/p>\n<p>&#8211; S\u00f8rg for, at du overholder afleveringstidspunkterne. Hvis traileren afleveres senere end aftalt, vil der blive p\u00e5lagt leje for yderligere et d\u00f8gn. <\/p>\n\n<\/div><\/div>\n<div class=\"col medium-4 small-12 large-4\"  ><div class=\"col-inner\"  >\n\n\t<div id=\"gap-1076115623\" class=\"gap-element clearfix\" style=\"display:block; height:auto;\">\n\t\t\n<style scope=\"scope\">\n\n#gap-1076115623 {\n  padding-top: 30px;\n}\n<\/style>\n\t<\/div>\n\t\n\n\t<div class=\"img has-hover x md-x lg-x y md-y lg-y\" id=\"image_1592782017\">\n\t\t\t\t\t\t\t\t<div class=\"img-inner dark\" >\n\t\t\t<img width=\"531\" height=\"756\" src=\"https:\/\/www.majlunddressage.dk\/wp-content\/uploads\/2026\/04\/IMG_3184_smaller.jpg\" class=\"attachment-large size-large\" alt=\"\" loading=\"lazy\" srcset=\"https:\/\/www.majlunddressage.dk\/wp-content\/uploads\/2026\/04\/IMG_3184_smaller.jpg 531w, https:\/\/www.majlunddressage.dk\/wp-content\/uploads\/2026\/04\/IMG_3184_smaller-211x300.jpg 211w\" sizes=\"(max-width: 531px) 100vw, 531px\" \/>\t\t\t\t\t\t\n\t\t\t\t\t<\/div>\n\t\t\t\t\t\t\t\t\n<style scope=\"scope\">\n\n#image_1592782017 {\n  width: 100%;\n}\n<\/style>\n\t<\/div>\n\t\n\n\n<\/div><\/div>\n\n\n<style scope=\"scope\">\n\n<\/style>\n<\/div>\n\n\t\t<\/div><!-- .section-content -->\n\n\t\t\n<style scope=\"scope\">\n\n#section_1815172058 {\n  padding-top: 60px;\n  padding-bottom: 60px;\n  background-color: rgb(193, 193, 193);\n}\n#section_1815172058 .section-bg-overlay {\n  background-color: rgba(255, 255, 255, 0.85);\n}\n<\/style>\n\t<\/section>\n\t\n\n","protected":false},"excerpt":{"rendered":"","protected":false},"author":1,"featured_media":0,"parent":0,"menu_order":0,"comment_status":"closed","ping_status":"closed","template":"","meta":[],"yoast_head":"<!-- This site is optimized with the Yoast SEO plugin v15.6.2 - https:\/\/yoast.com\/wordpress\/plugins\/seo\/ -->\n<title>Leje af hestetrailer - Majlund Dressage<\/title>\n<meta name=\"robots\" content=\"index, follow, max-snippet:-1, max-image-preview:large, max-video-preview:-1\" \/>\n<link rel=\"canonical\" href=\"http:\/\/www.majlunddressage.dk\/?page_id=49\" \/>\n<meta property=\"og:locale\" content=\"da_DK\" \/>\n<meta property=\"og:type\" content=\"article\" \/>\n<meta property=\"og:title\" content=\"Leje af hestetrailer - Majlund Dressage\" \/>\n<meta property=\"og:url\" content=\"http:\/\/www.majlunddressage.dk\/?page_id=49\" \/>\n<meta property=\"og:site_name\" content=\"Majlund Dressage\" \/>\n<meta property=\"article:modified_time\" content=\"2026-04-19T15:45:37+00:00\" \/>\n<meta name=\"twitter:card\" content=\"summary_large_image\" \/>\n<meta name=\"twitter:label1\" content=\"Est. reading time\">\n\t<meta name=\"twitter:data1\" content=\"1 minut\">\n<script type=\"application\/ld+json\" class=\"yoast-schema-graph\">{\"@context\":\"https:\/\/schema.org\",\"@graph\":[{\"@type\":\"WebSite\",\"@id\":\"https:\/\/www.majlunddressage.dk\/#website\",\"url\":\"https:\/\/www.majlunddressage.dk\/\",\"name\":\"Majlund Dressage\",\"description\":\"Lundg&aring;rdsvej 55, 6760 Ribe\",\"potentialAction\":[{\"@type\":\"SearchAction\",\"target\":\"https:\/\/www.majlunddressage.dk\/?s={search_term_string}\",\"query-input\":\"required name=search_term_string\"}],\"inLanguage\":\"da-DK\"},{\"@type\":\"WebPage\",\"@id\":\"http:\/\/www.majlunddressage.dk\/?page_id=49#webpage\",\"url\":\"http:\/\/www.majlunddressage.dk\/?page_id=49\",\"name\":\"Leje af hestetrailer - Majlund Dressage\",\"isPartOf\":{\"@id\":\"https:\/\/www.majlunddressage.dk\/#website\"},\"datePublished\":\"2020-10-05T10:32:47+00:00\",\"dateModified\":\"2026-04-19T15:45:37+00:00\",\"inLanguage\":\"da-DK\",\"potentialAction\":[{\"@type\":\"ReadAction\",\"target\":[\"http:\/\/www.majlunddressage.dk\/?page_id=49\"]}]}]}<\/script>\n<!-- \/ Yoast SEO plugin. -->","_links":{"self":[{"href":"https:\/\/www.majlunddressage.dk\/index.php?rest_route=\/wp\/v2\/pages\/49"}],"collection":[{"href":"https:\/\/www.majlunddressage.dk\/index.php?rest_route=\/wp\/v2\/pages"}],"about":[{"href":"https:\/\/www.majlunddressage.dk\/index.php?rest_route=\/wp\/v2\/types\/page"}],"author":[{"embeddable":true,"href":"https:\/\/www.majlunddressage.dk\/index.php?rest_route=\/wp\/v2\/users\/1"}],"replies":[{"embeddable":true,"href":"https:\/\/www.majlunddressage.dk\/index.php?rest_route=%2Fwp%2Fv2%2Fcomments&post=49"}],"version-history":[{"count":43,"href":"https:\/\/www.majlunddressage.dk\/index.php?rest_route=\/wp\/v2\/pages\/49\/revisions"}],"predecessor-version":[{"id":1018,"href":"https:\/\/www.majlunddressage.dk\/index.php?rest_route=\/wp\/v2\/pages\/49\/revisions\/1018"}],"wp:attachment":[{"href":"https:\/\/www.majlunddressage.dk\/index.php?rest_route=%2Fwp%2Fv2%2Fmedia&parent=49"}],"curies":[{"name":"wp","href":"https:\/\/api.w.org\/{rel}","templated":true}]}}