{"id":64,"date":"2017-04-08T18:53:26","date_gmt":"2017-04-08T18:53:26","guid":{"rendered":"http:\/\/demo.themely.com\/parallel\/?page_id=2"},"modified":"2026-04-19T06:23:19","modified_gmt":"2026-04-19T06:23:19","slug":"majlund-dressage","status":"publish","type":"page","link":"https:\/\/www.majlunddressage.dk\/","title":{"rendered":"Majlund Dressage"},"content":{"rendered":"\n\t<section class=\"section\" id=\"section_1975827225\">\n\t\t<div class=\"bg section-bg fill bg-fill  bg-loaded\" >\n\n\t\t\t\n\t\t\t<div class=\"section-bg-overlay absolute fill\"><\/div><div class=\"effect-rain bg-effect fill no-click\"><\/div>\n\t\t\t\n\n\t\t<\/div><!-- .section-bg -->\n\n\t\t<div class=\"section-content relative\">\n\t\t\t\n\n<div class=\"row align-center\"  id=\"row-929128995\">\n\n<div class=\"col small-12 large-12\"  ><div class=\"col-inner text-center\"  >\n\n\t<div id=\"gap-1136547788\" class=\"gap-element clearfix\" style=\"display:block; height:auto;\">\n\t\t\n<style scope=\"scope\">\n\n#gap-1136547788 {\n  padding-top: 40px;\n}\n<\/style>\n\t<\/div>\n\t\n\n<div class=\"slider-wrapper relative\" id=\"slider-1604698595\" >\n    <div class=\"slider slider-nav-circle slider-nav-normal slider-nav-light slider-style-container\"\n        data-flickity-options='{\n            \"cellAlign\": \"center\",\n            \"imagesLoaded\": true,\n            \"lazyLoad\": 1,\n            \"freeScroll\": false,\n            \"wrapAround\": false,\n            \"autoPlay\": 2000,\n            \"pauseAutoPlayOnHover\" : true,\n            \"prevNextButtons\": true,\n            \"contain\" : true,\n            \"adaptiveHeight\" : true,\n            \"dragThreshold\" : 10,\n            \"percentPosition\": true,\n            \"pageDots\": true,\n            \"rightToLeft\": false,\n            \"draggable\": true,\n            \"selectedAttraction\": 0.1,\n            \"parallax\" : 0,\n            \"friction\": 0.6        }'\n        >\n        \n\n\t<div class=\"img has-hover x md-x lg-x y md-y lg-y\" id=\"image_745653265\">\n\t\t\t\t<div data-parallax-fade=\"true\" data-parallax=\"1\">\t\t\t\t<div class=\"img-inner dark\" style=\"margin:0px 20px 0px 0px;\">\n\t\t\t<img width=\"1020\" height=\"555\" src=\"https:\/\/www.majlunddressage.dk\/wp-content\/uploads\/2020\/12\/JT-03-092-Lundgaard-1024x557.jpg\" class=\"attachment-large size-large\" alt=\"\" loading=\"lazy\" srcset=\"https:\/\/www.majlunddressage.dk\/wp-content\/uploads\/2020\/12\/JT-03-092-Lundgaard-1024x557.jpg 1024w, https:\/\/www.majlunddressage.dk\/wp-content\/uploads\/2020\/12\/JT-03-092-Lundgaard-300x163.jpg 300w, https:\/\/www.majlunddressage.dk\/wp-content\/uploads\/2020\/12\/JT-03-092-Lundgaard-768x418.jpg 768w, https:\/\/www.majlunddressage.dk\/wp-content\/uploads\/2020\/12\/JT-03-092-Lundgaard.jpg 1536w\" sizes=\"(max-width: 1020px) 100vw, 1020px\" \/>\t\t\t\t\t\t\n\t\t\t\t\t<\/div>\n\t\t\t\t<\/div>\t\t\t\t\n<style scope=\"scope\">\n\n#image_745653265 {\n  width: 100%;\n}\n<\/style>\n\t<\/div>\n\t\n\n<div class=\"row row-collapse row-full-width align-equal row-divided\"  id=\"row-1126197230\">\n\n<div class=\"col medium-6 small-12 large-6\"  ><div class=\"col-inner text-left\" style=\"padding:0px 0px 0px 0px;margin:0px 0px 0px 0px;\" >\n\n<div class=\"is-divider divider clearfix\" style=\"height:150px;background-color:rgba(0, 0, 0, 0);\"><\/div><!-- .divider -->\n\n<h2 class=\"uppercase\"><span style=\"font-size: 75%;\"><strong>Chicago Majlund<\/strong><\/span><\/h2>\n<h3>4 \u00e5rs dressurbetonet avlsgodkendt hingst<br \/>Er nu til r\u00e5dighed for fremtidens hopper<\/h3>\n<p>Find informationer om denne hingst her.<\/p>\n<a href=\"?page_id=618\" target=\"_self\" class=\"button primary\"  >\n    <span>Se her<\/span>\n  <\/a>\n\n\n\n<\/div><\/div>\n<div class=\"col medium-5 small-12 large-5\"  ><div class=\"col-inner\"  >\n\n\t<div class=\"img has-hover x md-x lg-x y md-y lg-y\" id=\"image_1116697328\">\n\t\t\t\t\t\t\t\t<div class=\"img-inner dark\" style=\"margin:3px 0px 0px 0px;\">\n\t\t\t<img width=\"683\" height=\"1024\" src=\"https:\/\/www.majlunddressage.dk\/wp-content\/uploads\/2024\/04\/435003894_349412378122673_2256661013258702474_n-683x1024.jpg\" class=\"attachment-large size-large\" alt=\"\" loading=\"lazy\" srcset=\"https:\/\/www.majlunddressage.dk\/wp-content\/uploads\/2024\/04\/435003894_349412378122673_2256661013258702474_n-683x1024.jpg 683w, https:\/\/www.majlunddressage.dk\/wp-content\/uploads\/2024\/04\/435003894_349412378122673_2256661013258702474_n-200x300.jpg 200w, https:\/\/www.majlunddressage.dk\/wp-content\/uploads\/2024\/04\/435003894_349412378122673_2256661013258702474_n-768x1152.jpg 768w, https:\/\/www.majlunddressage.dk\/wp-content\/uploads\/2024\/04\/435003894_349412378122673_2256661013258702474_n-1024x1536.jpg 1024w, https:\/\/www.majlunddressage.dk\/wp-content\/uploads\/2024\/04\/435003894_349412378122673_2256661013258702474_n.jpg 1067w\" sizes=\"(max-width: 683px) 100vw, 683px\" \/>\t\t\t\t\t\t\n\t\t\t\t\t<\/div>\n\t\t\t\t\t\t\t\t\n<style scope=\"scope\">\n\n#image_1116697328 {\n  width: 100%;\n}\n<\/style>\n\t<\/div>\n\t\n\n\n<\/div><\/div>\n\n\n<style scope=\"scope\">\n\n#row-1126197230 > .col > .col-inner {\n  padding: 4px 4px 0px 0px;\n}\n<\/style>\n<\/div>\n\n     <\/div>\n\n     <div class=\"loading-spin dark large centered\"><\/div>\n\n     <style scope=\"scope\">\n             <\/style>\n<\/div><!-- .ux-slider-wrapper -->\n\n\n<div class=\"is-divider divider clearfix\" ><\/div><!-- .divider -->\n\n<h2>Velkommen til Majlund Dressage<\/h2>\n<p>Stutteri, avl, opstaldning, klarg\u00f8ring og salgsformidling.<\/p>\n<p>Majlund Dressage er et privatejet stutteri, der blev grundlagt tilbage i \u00e5r 1982. Ambitionen har fra begyndelsen v\u00e6ret at avle dressurheste af kvalitet, som kan beg\u00e5 sig p\u00e5 et h\u00f8jt sportsligt niveau. Majlund Dressage har gennem tiden avlet mange heste, med flotte resultater bag sig. Vi avler med fokus p\u00e5 kvalitet, type og kvalitetssikre linjer, med god pr\u00e6stationsblod.&nbsp;<\/p>\n<p>Majlund Dressage huser desuden egen salgsstald. Her findes heste i alle aldre og prisklasser, s\u00e5 der vil altid v\u00e6re en god chance for at finde den rette hest, n\u00e5r man afl\u00e6gger bes\u00f8g p\u00e5 Majlund Dressage.&nbsp;&nbsp;<\/p>\n<p><img loading=\"lazy\" class=\"aligncenter wp-image-423 size-full\" style=\"color: #555555; font-size: 14.4px;\" src=\"http:\/\/www.majlunddressage.dk\/wp-content\/uploads\/2020\/12\/dansk_varm.png\" alt=\"\" width=\"200\" height=\"91\"><\/p>\n\n<\/div><\/div>\n\n\n<style scope=\"scope\">\n\n<\/style>\n<\/div>\n\n\t\t<\/div><!-- .section-content -->\n\n\t\t\n<style scope=\"scope\">\n\n#section_1975827225 {\n  padding-top: 9px;\n  padding-bottom: 9px;\n  min-height: 0px;\n}\n#section_1975827225 .section-bg-overlay {\n  background-color: rgba(194, 194, 194, 0.28);\n}\n<\/style>\n\t<\/section>\n\t\n\t<section class=\"section dark\" id=\"section_939341772\">\n\t\t<div class=\"bg section-bg fill bg-fill  bg-loaded\" >\n\n\t\t\t\n\t\t\t\n\t\t\t\n\n\t\t<\/div><!-- .section-bg -->\n\n\t\t<div class=\"section-content relative\">\n\t\t\t\n\n<div class=\"row row-box-shadow-3 row-box-shadow-4-hover\"  id=\"row-1624958967\">\n\n<div class=\"col medium-3 small-6 large-3\"  ><div class=\"col-inner\"  >\n\n\t<div class=\"box has-hover   has-hover box-text-bottom\" >\n\n\t\t<div class=\"box-image\" >\n\t\t\t<a href=\"http:\/\/www.majlunddressage.dk\/?page_id=121\"  >\t\t\t<div class=\"image-cover\" style=\"padding-top:100%;\">\n\t\t\t\t<img width=\"1125\" height=\"956\" src=\"https:\/\/www.majlunddressage.dk\/wp-content\/uploads\/2021\/01\/34.jpg\" class=\"attachment- size-\" alt=\"\" loading=\"lazy\" srcset=\"https:\/\/www.majlunddressage.dk\/wp-content\/uploads\/2021\/01\/34.jpg 1125w, https:\/\/www.majlunddressage.dk\/wp-content\/uploads\/2021\/01\/34-300x255.jpg 300w, https:\/\/www.majlunddressage.dk\/wp-content\/uploads\/2021\/01\/34-1024x870.jpg 1024w, https:\/\/www.majlunddressage.dk\/wp-content\/uploads\/2021\/01\/34-768x653.jpg 768w\" sizes=\"(max-width: 1125px) 100vw, 1125px\" \/>\t\t\t\t\t\t\t\t\t\t\t<\/div>\n\t\t\t<\/a>\t\t<\/div><!-- box-image -->\n\n\t\t<div class=\"box-text text-center\" >\n\t\t\t<div class=\"box-text-inner\">\n\t\t\t\t\n\n<h4>SALGSHESTE<\/h4>\n<p>Her kan du se hvilke heste der bliver udbudt til salg netop nu.&nbsp;<\/p>\n<p>&nbsp;<\/p>\n<p>&nbsp;<\/p>\n\n\t\t\t<\/div><!-- box-text-inner -->\n\t\t<\/div><!-- box-text -->\n\t<\/div><!-- .box  -->\n\t\n\n<\/div><\/div>\n<div class=\"col medium-3 small-6 large-3\"  ><div class=\"col-inner\"  >\n\n\t<div class=\"box has-hover   has-hover box-text-bottom\" >\n\n\t\t<div class=\"box-image\" >\n\t\t\t<a href=\"http:\/\/www.majlunddressage.dk\/?page_id=181\"  >\t\t\t<div class=\"\" >\n\t\t\t\t<img width=\"872\" height=\"872\" src=\"https:\/\/www.majlunddressage.dk\/wp-content\/uploads\/2021\/01\/35.jpg\" class=\"attachment- size-\" alt=\"\" loading=\"lazy\" srcset=\"https:\/\/www.majlunddressage.dk\/wp-content\/uploads\/2021\/01\/35.jpg 872w, https:\/\/www.majlunddressage.dk\/wp-content\/uploads\/2021\/01\/35-300x300.jpg 300w, https:\/\/www.majlunddressage.dk\/wp-content\/uploads\/2021\/01\/35-150x150.jpg 150w, https:\/\/www.majlunddressage.dk\/wp-content\/uploads\/2021\/01\/35-768x768.jpg 768w\" sizes=\"(max-width: 872px) 100vw, 872px\" \/>\t\t\t\t\t\t\t\t\t\t\t<\/div>\n\t\t\t<\/a>\t\t<\/div><!-- box-image -->\n\n\t\t<div class=\"box-text text-center\" >\n\t\t\t<div class=\"box-text-inner\">\n\t\t\t\t\n\n<h4>TR\u00c6NING AF HEST<\/h4>\n<p>Her finder du de services vi udbyder i forbindelse med tr\u00e6ning af din hest.<\/p>\n<p>&nbsp;<\/p>\n\n\t\t\t<\/div><!-- box-text-inner -->\n\t\t<\/div><!-- box-text -->\n\t<\/div><!-- .box  -->\n\t\n\n<\/div><\/div>\n<div class=\"col medium-3 small-6 large-3\"  ><div class=\"col-inner\"  >\n\n\t<div class=\"box has-hover   has-hover box-text-bottom\" >\n\n\t\t<div class=\"box-image\" >\n\t\t\t<a href=\"http:\/\/www.majlunddressage.dk\/?page_id=124\"  >\t\t\t<div class=\"\" >\n\t\t\t\t<img width=\"294\" height=\"294\" src=\"https:\/\/www.majlunddressage.dk\/wp-content\/uploads\/2021\/01\/logo.png\" class=\"attachment- size-\" alt=\"\" loading=\"lazy\" srcset=\"https:\/\/www.majlunddressage.dk\/wp-content\/uploads\/2021\/01\/logo.png 294w, https:\/\/www.majlunddressage.dk\/wp-content\/uploads\/2021\/01\/logo-150x150.png 150w\" sizes=\"(max-width: 294px) 100vw, 294px\" \/>\t\t\t\t\t\t\t\t\t\t\t<\/div>\n\t\t\t<\/a>\t\t<\/div><!-- box-image -->\n\n\t\t<div class=\"box-text text-center\" >\n\t\t\t<div class=\"box-text-inner\">\n\t\t\t\t\n\n<h4>KONTAKT<\/h4>\n<p>Har du sp\u00f8rgsm\u00e5l til vores salgsheste, hingste, tr\u00e6ning eller opstaldning, er du altid velkommen til at kontakte os.<\/p>\n\n\t\t\t<\/div><!-- box-text-inner -->\n\t\t<\/div><!-- box-text -->\n\t<\/div><!-- .box  -->\n\t\n\n<\/div><\/div>\n<div class=\"col medium-3 small-6 large-3\"  ><div class=\"col-inner\"  >\n\n\t<div class=\"box has-hover   has-hover box-text-bottom\" >\n\n\t\t<div class=\"box-image\" >\n\t\t\t\t\t\t<div class=\"image-cover\" style=\"padding-top:100%;\">\n\t\t\t\t<img width=\"960\" height=\"720\" src=\"https:\/\/www.majlunddressage.dk\/wp-content\/uploads\/2021\/01\/Ridefys.jpg\" class=\"attachment- size-\" alt=\"\" loading=\"lazy\" srcset=\"https:\/\/www.majlunddressage.dk\/wp-content\/uploads\/2021\/01\/Ridefys.jpg 960w, https:\/\/www.majlunddressage.dk\/wp-content\/uploads\/2021\/01\/Ridefys-300x225.jpg 300w, https:\/\/www.majlunddressage.dk\/wp-content\/uploads\/2021\/01\/Ridefys-768x576.jpg 768w\" sizes=\"(max-width: 960px) 100vw, 960px\" \/>\t\t\t\t\t\t\t\t\t\t\t<\/div>\n\t\t\t\t\t<\/div><!-- box-image -->\n\n\t\t<div class=\"box-text text-center\" >\n\t\t\t<div class=\"box-text-inner\">\n\t\t\t\t\n\n<h4>RIDEFYSIOTERAPI<\/h4>\n<p>Her finder du alle oplysninger vedr\u00f8rende ridefysioterapien p\u00e5 N\u00f8rre Farup Rideklub.<\/p>\n<p>&nbsp;<\/p>\n\n\t\t\t<\/div><!-- box-text-inner -->\n\t\t<\/div><!-- box-text -->\n\t<\/div><!-- .box  -->\n\t\n\n<\/div><\/div>\n\n\n<style scope=\"scope\">\n\n<\/style>\n<\/div>\n\n\t\t<\/div><!-- .section-content -->\n\n\t\t\n<style scope=\"scope\">\n\n#section_939341772 {\n  padding-top: 30px;\n  padding-bottom: 30px;\n  background-color: rgba(0, 0, 0, 0.63);\n}\n<\/style>\n\t<\/section>\n\t\n\n","protected":false},"excerpt":{"rendered":"","protected":false},"author":1,"featured_media":153,"parent":0,"menu_order":0,"comment_status":"closed","ping_status":"closed","template":"page-blank.php","meta":[],"yoast_head":"<!-- This site is optimized with the Yoast SEO plugin v15.6.2 - https:\/\/yoast.com\/wordpress\/plugins\/seo\/ -->\n<title>Majlund Dressage - Majlund Dressage<\/title>\n<meta name=\"description\" content=\"Majlund Dressage er et privatejet stutteri, der blev grundlagt tilbage i \u00e5r 1982. Ambitionen har fra begyndelsen v\u00e6ret at avle dressurheste af kvalitet, som kan beg\u00e5 sig p\u00e5 et h\u00f8jt sportsligt niveau. Majlund Dressage har gennem tiden avlet mange heste, med flotte resultater bag sig. Vi avler med fokus p\u00e5 kvalitet, type og kvalitetssikre linjer, med god pr\u00e6stationsblod.\" \/>\n<meta name=\"robots\" content=\"index, follow, max-snippet:-1, max-image-preview:large, max-video-preview:-1\" \/>\n<link rel=\"canonical\" href=\"https:\/\/www.majlunddressage.dk\/\" \/>\n<meta property=\"og:locale\" content=\"da_DK\" \/>\n<meta property=\"og:type\" content=\"article\" \/>\n<meta property=\"og:title\" content=\"Majlund Dressage - Majlund Dressage\" \/>\n<meta property=\"og:description\" content=\"Majlund Dressage er et privatejet stutteri, der blev grundlagt tilbage i \u00e5r 1982. Ambitionen har fra begyndelsen v\u00e6ret at avle dressurheste af kvalitet, som kan beg\u00e5 sig p\u00e5 et h\u00f8jt sportsligt niveau. Majlund Dressage har gennem tiden avlet mange heste, med flotte resultater bag sig. Vi avler med fokus p\u00e5 kvalitet, type og kvalitetssikre linjer, med god pr\u00e6stationsblod.\" \/>\n<meta property=\"og:url\" content=\"https:\/\/www.majlunddressage.dk\/\" \/>\n<meta property=\"og:site_name\" content=\"Majlund Dressage\" \/>\n<meta property=\"article:modified_time\" content=\"2026-04-19T06:23:19+00:00\" \/>\n<meta property=\"og:image\" content=\"https:\/\/www.majlunddressage.dk\/wp-content\/uploads\/2020\/10\/2020_HEST-3851.jpg\" \/>\n\t<meta property=\"og:image:width\" content=\"1920\" \/>\n\t<meta property=\"og:image:height\" content=\"1280\" \/>\n<meta name=\"twitter:card\" content=\"summary_large_image\" \/>\n<meta name=\"twitter:label1\" content=\"Est. reading time\">\n\t<meta name=\"twitter:data1\" content=\"2 minutter\">\n<script type=\"application\/ld+json\" class=\"yoast-schema-graph\">{\"@context\":\"https:\/\/schema.org\",\"@graph\":[{\"@type\":\"WebSite\",\"@id\":\"https:\/\/www.majlunddressage.dk\/#website\",\"url\":\"https:\/\/www.majlunddressage.dk\/\",\"name\":\"Majlund Dressage\",\"description\":\"Lundg&aring;rdsvej 55, 6760 Ribe\",\"potentialAction\":[{\"@type\":\"SearchAction\",\"target\":\"https:\/\/www.majlunddressage.dk\/?s={search_term_string}\",\"query-input\":\"required name=search_term_string\"}],\"inLanguage\":\"da-DK\"},{\"@type\":\"ImageObject\",\"@id\":\"https:\/\/www.majlunddressage.dk\/#primaryimage\",\"inLanguage\":\"da-DK\",\"url\":\"https:\/\/www.majlunddressage.dk\/wp-content\/uploads\/2020\/10\/2020_HEST-3851.jpg\",\"width\":1920,\"height\":1280},{\"@type\":\"WebPage\",\"@id\":\"https:\/\/www.majlunddressage.dk\/#webpage\",\"url\":\"https:\/\/www.majlunddressage.dk\/\",\"name\":\"Majlund Dressage - Majlund Dressage\",\"isPartOf\":{\"@id\":\"https:\/\/www.majlunddressage.dk\/#website\"},\"primaryImageOfPage\":{\"@id\":\"https:\/\/www.majlunddressage.dk\/#primaryimage\"},\"datePublished\":\"2017-04-08T18:53:26+00:00\",\"dateModified\":\"2026-04-19T06:23:19+00:00\",\"description\":\"Majlund Dressage er et privatejet stutteri, der blev grundlagt tilbage i \\u00e5r 1982. Ambitionen har fra begyndelsen v\\u00e6ret at avle dressurheste af kvalitet, som kan beg\\u00e5 sig p\\u00e5 et h\\u00f8jt sportsligt niveau. Majlund Dressage har gennem tiden avlet mange heste, med flotte resultater bag sig. Vi avler med fokus p\\u00e5 kvalitet, type og kvalitetssikre linjer, med god pr\\u00e6stationsblod.\",\"inLanguage\":\"da-DK\",\"potentialAction\":[{\"@type\":\"ReadAction\",\"target\":[\"https:\/\/www.majlunddressage.dk\/\"]}]}]}<\/script>\n<!-- \/ Yoast SEO plugin. -->","_links":{"self":[{"href":"https:\/\/www.majlunddressage.dk\/index.php?rest_route=\/wp\/v2\/pages\/64"}],"collection":[{"href":"https:\/\/www.majlunddressage.dk\/index.php?rest_route=\/wp\/v2\/pages"}],"about":[{"href":"https:\/\/www.majlunddressage.dk\/index.php?rest_route=\/wp\/v2\/types\/page"}],"author":[{"embeddable":true,"href":"https:\/\/www.majlunddressage.dk\/index.php?rest_route=\/wp\/v2\/users\/1"}],"replies":[{"embeddable":true,"href":"https:\/\/www.majlunddressage.dk\/index.php?rest_route=%2Fwp%2Fv2%2Fcomments&post=64"}],"version-history":[{"count":133,"href":"https:\/\/www.majlunddressage.dk\/index.php?rest_route=\/wp\/v2\/pages\/64\/revisions"}],"predecessor-version":[{"id":971,"href":"https:\/\/www.majlunddressage.dk\/index.php?rest_route=\/wp\/v2\/pages\/64\/revisions\/971"}],"wp:featuredmedia":[{"embeddable":true,"href":"https:\/\/www.majlunddressage.dk\/index.php?rest_route=\/wp\/v2\/media\/153"}],"wp:attachment":[{"href":"https:\/\/www.majlunddressage.dk\/index.php?rest_route=%2Fwp%2Fv2%2Fmedia&parent=64"}],"curies":[{"name":"wp","href":"https:\/\/api.w.org\/{rel}","templated":true}]}}